{"id":5935,"date":"2023-11-20T20:23:31","date_gmt":"2023-11-20T19:23:31","guid":{"rendered":"http:\/\/stampcurio.com\/?post_type=product&#038;p=5935"},"modified":"2025-12-05T04:11:17","modified_gmt":"2025-12-05T03:11:17","slug":"1921-horian-states-west-refaim-kepeslap-ir-hadash-feladasi-belyegzovel-tibetbe-cimezve","status":"publish","type":"product","link":"https:\/\/stampcurio.com\/hu\/termek\/1921-horian-states-west-refaim-kepeslap-ir-hadash-feladasi-belyegzovel-tibetbe-cimezve\/","title":{"rendered":"1921 HORIAN STATES WEST REFAIM k\u00e9peslap IR-HADASH felad\u00e1si b\u00e9lyegz\u0151vel Tibetbe c\u00edmezve"},"content":{"rendered":"","protected":false},"excerpt":{"rendered":"<p>Feltehet\u0151leg a k\u00e9peslapot post\u00e1n nem sz\u00e1ll\u00edtott\u00e1k&#8230;<br \/>\nA rendk\u00edv\u00fcl \u00e9rdekes West Refaim kiad\u00e1s\u00fa nem hivatalos b\u00e9lyeg.<br \/>\nA b\u00e9lyegekr\u0151l \u00e9rszletesen Baldus, Wolfgang The unsolved mystery of West Refaim k\u00f6nyv\u00e9ben lehet olvasni.<\/p>\n","protected":false},"featured_media":11783,"template":"","meta":[],"product_brand":[],"product_cat":[185,113],"product_tag":[1044,116,452,97,115,194,67,176],"class_list":{"0":"post-5935","1":"product","2":"type-product","3":"status-publish","4":"has-post-thumbnail","6":"product_cat-izrael-1st","7":"product_cat-nemetorszag-1st","8":"product_tag-1st-auction-hu","9":"product_tag-belyeg","10":"product_tag-csalard-bermentesites","11":"product_tag-kepeslap","12":"product_tag-legiposta","13":"product_tag-levelzaro","14":"product_tag-marcofilatelia","15":"product_tag-philagem","16":"pa_catalog_id-678","18":"first","19":"outofstock","20":"sold-individually","21":"shipping-taxable","22":"product-type-simple"},"_links":{"self":[{"href":"https:\/\/stampcurio.com\/hu\/wp-json\/wp\/v2\/product\/5935","targetHints":{"allow":["GET"]}}],"collection":[{"href":"https:\/\/stampcurio.com\/hu\/wp-json\/wp\/v2\/product"}],"about":[{"href":"https:\/\/stampcurio.com\/hu\/wp-json\/wp\/v2\/types\/product"}],"wp:featuredmedia":[{"embeddable":true,"href":"https:\/\/stampcurio.com\/hu\/wp-json\/wp\/v2\/media\/11783"}],"wp:attachment":[{"href":"https:\/\/stampcurio.com\/hu\/wp-json\/wp\/v2\/media?parent=5935"}],"wp:term":[{"taxonomy":"product_brand","embeddable":true,"href":"https:\/\/stampcurio.com\/hu\/wp-json\/wp\/v2\/product_brand?post=5935"},{"taxonomy":"product_cat","embeddable":true,"href":"https:\/\/stampcurio.com\/hu\/wp-json\/wp\/v2\/product_cat?post=5935"},{"taxonomy":"product_tag","embeddable":true,"href":"https:\/\/stampcurio.com\/hu\/wp-json\/wp\/v2\/product_tag?post=5935"}],"curies":[{"name":"wp","href":"https:\/\/api.w.org\/{rel}","templated":true}]}}