{"id":5928,"date":"2023-11-20T20:15:47","date_gmt":"2023-11-20T19:15:47","guid":{"rendered":"http:\/\/stampcurio.com\/?post_type=product&#038;p=5928"},"modified":"2025-12-05T04:11:18","modified_gmt":"2025-12-05T03:11:18","slug":"1921-horian-states-west-refaim-1-00-ertekjelzesu-belyeg","status":"publish","type":"product","link":"https:\/\/stampcurio.com\/hu\/termek\/1921-horian-states-west-refaim-1-00-ertekjelzesu-belyeg\/","title":{"rendered":"1921 HORIAN STATES WEST REFAIM 1.00 \u00e9rt\u00e9kjelz\u00e9s\u0171 b\u00e9lyeg"},"content":{"rendered":"","protected":false},"excerpt":{"rendered":"<p>A rendk\u00edv\u00fcl \u00e9rdekes West Refaim kiad\u00e1s\u00fa nem hivatalos b\u00e9lyeg.<\/p>\n<p>A b\u00e9lyegekr\u0151l \u00e9rszletesen Baldus, Wolfgang The unsolved mystery of West Refaim k\u00f6nyv\u00e9ben lehet olvasni.<\/p>\n","protected":false},"featured_media":11765,"template":"","meta":[],"product_brand":[],"product_cat":[185,113],"product_tag":[1044,116,452,194,282,176],"class_list":{"0":"post-5928","1":"product","2":"type-product","3":"status-publish","4":"has-post-thumbnail","6":"product_cat-izrael-1st","7":"product_cat-nemetorszag-1st","8":"product_tag-1st-auction-hu","9":"product_tag-belyeg","10":"product_tag-csalard-bermentesites","11":"product_tag-levelzaro","12":"product_tag-okmanybelyeg","13":"product_tag-philagem","14":"pa_catalog_id-677","16":"first","17":"outofstock","18":"sold-individually","19":"shipping-taxable","20":"product-type-simple"},"_links":{"self":[{"href":"https:\/\/stampcurio.com\/hu\/wp-json\/wp\/v2\/product\/5928","targetHints":{"allow":["GET"]}}],"collection":[{"href":"https:\/\/stampcurio.com\/hu\/wp-json\/wp\/v2\/product"}],"about":[{"href":"https:\/\/stampcurio.com\/hu\/wp-json\/wp\/v2\/types\/product"}],"wp:featuredmedia":[{"embeddable":true,"href":"https:\/\/stampcurio.com\/hu\/wp-json\/wp\/v2\/media\/11765"}],"wp:attachment":[{"href":"https:\/\/stampcurio.com\/hu\/wp-json\/wp\/v2\/media?parent=5928"}],"wp:term":[{"taxonomy":"product_brand","embeddable":true,"href":"https:\/\/stampcurio.com\/hu\/wp-json\/wp\/v2\/product_brand?post=5928"},{"taxonomy":"product_cat","embeddable":true,"href":"https:\/\/stampcurio.com\/hu\/wp-json\/wp\/v2\/product_cat?post=5928"},{"taxonomy":"product_tag","embeddable":true,"href":"https:\/\/stampcurio.com\/hu\/wp-json\/wp\/v2\/product_tag?post=5928"}],"curies":[{"name":"wp","href":"https:\/\/api.w.org\/{rel}","templated":true}]}}