{"id":5912,"date":"2023-11-20T16:30:20","date_gmt":"2023-11-20T15:30:20","guid":{"rendered":"http:\/\/stampcurio.com\/?post_type=product&#038;p=5912"},"modified":"2025-12-05T04:11:18","modified_gmt":"2025-12-05T03:11:18","slug":"1951-oteves-terv-pecsetelt-szamvizjeles-belyegek-mbk-150-pont","status":"publish","type":"product","link":"https:\/\/stampcurio.com\/hu\/termek\/1951-oteves-terv-pecsetelt-szamvizjeles-belyegek-mbk-150-pont\/","title":{"rendered":"1951 \u00d6t\u00e9ves terv &#8211; pecs\u00e9telt sz\u00e1mv\u00edzjeles b\u00e9lyegek MBK 150 pont"},"content":{"rendered":"","protected":false},"excerpt":{"rendered":"<p>A v\u00edzjel \u00e1ll\u00e1sok soronk\u00e9nt az el\u0151oldali k\u00e9p szerinti sorrendbe:<br \/>\nAb 16pt \/ Aa  8pt \/ Ad 15pt<br \/>\nAa  8pt \/ Aa  8pt \/ Ac 30pt<br \/>\nAa 10pt \/ Aa 12pt \/ Aa 20pt<\/p>\n","protected":false},"featured_media":5922,"template":"","meta":[],"product_brand":[],"product_cat":[73],"product_tag":[1044,116,1008],"class_list":{"0":"post-5912","1":"product","2":"type-product","3":"status-publish","4":"has-post-thumbnail","6":"product_cat-magyarorszag-1st","7":"product_tag-1st-auction-hu","8":"product_tag-belyeg","9":"product_tag-ebay","10":"pa_catalog_id-676","12":"first","13":"outofstock","14":"sold-individually","15":"shipping-taxable","16":"product-type-simple"},"_links":{"self":[{"href":"https:\/\/stampcurio.com\/hu\/wp-json\/wp\/v2\/product\/5912","targetHints":{"allow":["GET"]}}],"collection":[{"href":"https:\/\/stampcurio.com\/hu\/wp-json\/wp\/v2\/product"}],"about":[{"href":"https:\/\/stampcurio.com\/hu\/wp-json\/wp\/v2\/types\/product"}],"wp:featuredmedia":[{"embeddable":true,"href":"https:\/\/stampcurio.com\/hu\/wp-json\/wp\/v2\/media\/5922"}],"wp:attachment":[{"href":"https:\/\/stampcurio.com\/hu\/wp-json\/wp\/v2\/media?parent=5912"}],"wp:term":[{"taxonomy":"product_brand","embeddable":true,"href":"https:\/\/stampcurio.com\/hu\/wp-json\/wp\/v2\/product_brand?post=5912"},{"taxonomy":"product_cat","embeddable":true,"href":"https:\/\/stampcurio.com\/hu\/wp-json\/wp\/v2\/product_cat?post=5912"},{"taxonomy":"product_tag","embeddable":true,"href":"https:\/\/stampcurio.com\/hu\/wp-json\/wp\/v2\/product_tag?post=5912"}],"curies":[{"name":"wp","href":"https:\/\/api.w.org\/{rel}","templated":true}]}}