{"id":5910,"date":"2023-11-20T16:14:01","date_gmt":"2023-11-20T15:14:01","guid":{"rendered":"http:\/\/stampcurio.com\/?post_type=product&#038;p=5910"},"modified":"2025-12-05T04:11:19","modified_gmt":"2025-12-05T03:11:19","slug":"1944-oktober-27-budapesten-feladott-boritek-a-vajdasagba-kuldve-vissza-forgalom-szunetel-belyegzovel","status":"publish","type":"product","link":"https:\/\/stampcurio.com\/hu\/termek\/1944-oktober-27-budapesten-feladott-boritek-a-vajdasagba-kuldve-vissza-forgalom-szunetel-belyegzovel\/","title":{"rendered":"1944 okt\u00f3ber 27. Budapesten feladott bor\u00edt\u00e9k a Vajdas\u00e1gba k\u00fcldve &#8211;  VISSZA! FORGALOM SZ\u00dcNETEL b\u00e9lyegz\u0151vel"},"content":{"rendered":"","protected":false},"excerpt":{"rendered":"","protected":false},"featured_media":11768,"template":"","meta":[],"product_brand":[],"product_cat":[73],"product_tag":[279,1044,67,89],"class_list":{"0":"post-5910","1":"product","2":"type-product","3":"status-publish","4":"has-post-thumbnail","6":"product_cat-magyarorszag-1st","7":"product_tag-1944-45","8":"product_tag-1st-auction-hu","9":"product_tag-marcofilatelia","10":"product_tag-postatortenet","11":"pa_catalog_id-675","13":"first","14":"outofstock","15":"sold-individually","16":"shipping-taxable","17":"product-type-simple"},"_links":{"self":[{"href":"https:\/\/stampcurio.com\/hu\/wp-json\/wp\/v2\/product\/5910","targetHints":{"allow":["GET"]}}],"collection":[{"href":"https:\/\/stampcurio.com\/hu\/wp-json\/wp\/v2\/product"}],"about":[{"href":"https:\/\/stampcurio.com\/hu\/wp-json\/wp\/v2\/types\/product"}],"wp:featuredmedia":[{"embeddable":true,"href":"https:\/\/stampcurio.com\/hu\/wp-json\/wp\/v2\/media\/11768"}],"wp:attachment":[{"href":"https:\/\/stampcurio.com\/hu\/wp-json\/wp\/v2\/media?parent=5910"}],"wp:term":[{"taxonomy":"product_brand","embeddable":true,"href":"https:\/\/stampcurio.com\/hu\/wp-json\/wp\/v2\/product_brand?post=5910"},{"taxonomy":"product_cat","embeddable":true,"href":"https:\/\/stampcurio.com\/hu\/wp-json\/wp\/v2\/product_cat?post=5910"},{"taxonomy":"product_tag","embeddable":true,"href":"https:\/\/stampcurio.com\/hu\/wp-json\/wp\/v2\/product_tag?post=5910"}],"curies":[{"name":"wp","href":"https:\/\/api.w.org\/{rel}","templated":true}]}}