{"id":5906,"date":"2023-11-20T16:08:43","date_gmt":"2023-11-20T15:08:43","guid":{"rendered":"http:\/\/stampcurio.com\/?post_type=product&#038;p=5906"},"modified":"2025-12-05T04:11:19","modified_gmt":"2025-12-05T03:11:19","slug":"1934-kepeslap-eotvos-lorand-menedekhaz-dobogokoi-turistabelyegzovel","status":"publish","type":"product","link":"https:\/\/stampcurio.com\/hu\/termek\/1934-kepeslap-eotvos-lorand-menedekhaz-dobogokoi-turistabelyegzovel\/","title":{"rendered":"1934 k\u00e9peslap E\u00f6tv\u00f6s L\u00f3r\u00e1nd mened\u00e9kh\u00e1z dobog\u00f3k\u0151i turistab\u00e9lyegz\u0151vel"},"content":{"rendered":"","protected":false},"excerpt":{"rendered":"","protected":false},"featured_media":11771,"template":"","meta":[],"product_brand":[],"product_cat":[73],"product_tag":[1044,1008,175,97,67,89],"class_list":{"0":"post-5906","1":"product","2":"type-product","3":"status-publish","4":"has-post-thumbnail","6":"product_cat-magyarorszag-1st","7":"product_tag-1st-auction-hu","8":"product_tag-ebay","9":"product_tag-hotelposta","10":"product_tag-kepeslap","11":"product_tag-marcofilatelia","12":"product_tag-postatortenet","13":"pa_catalog_id-674","15":"first","16":"outofstock","17":"sold-individually","18":"shipping-taxable","19":"product-type-simple"},"_links":{"self":[{"href":"https:\/\/stampcurio.com\/hu\/wp-json\/wp\/v2\/product\/5906","targetHints":{"allow":["GET"]}}],"collection":[{"href":"https:\/\/stampcurio.com\/hu\/wp-json\/wp\/v2\/product"}],"about":[{"href":"https:\/\/stampcurio.com\/hu\/wp-json\/wp\/v2\/types\/product"}],"wp:featuredmedia":[{"embeddable":true,"href":"https:\/\/stampcurio.com\/hu\/wp-json\/wp\/v2\/media\/11771"}],"wp:attachment":[{"href":"https:\/\/stampcurio.com\/hu\/wp-json\/wp\/v2\/media?parent=5906"}],"wp:term":[{"taxonomy":"product_brand","embeddable":true,"href":"https:\/\/stampcurio.com\/hu\/wp-json\/wp\/v2\/product_brand?post=5906"},{"taxonomy":"product_cat","embeddable":true,"href":"https:\/\/stampcurio.com\/hu\/wp-json\/wp\/v2\/product_cat?post=5906"},{"taxonomy":"product_tag","embeddable":true,"href":"https:\/\/stampcurio.com\/hu\/wp-json\/wp\/v2\/product_tag?post=5906"}],"curies":[{"name":"wp","href":"https:\/\/api.w.org\/{rel}","templated":true}]}}