{"id":5903,"date":"2023-11-20T16:05:40","date_gmt":"2023-11-20T15:05:40","guid":{"rendered":"http:\/\/stampcurio.com\/?post_type=product&#038;p=5903"},"modified":"2025-12-05T04:11:19","modified_gmt":"2025-12-05T03:11:19","slug":"1960-fip-vagott-blokk-az-egyesult-allamokba-kuldott-fdc-boritekon-phu-20-000-ft","status":"publish","type":"product","link":"https:\/\/stampcurio.com\/hu\/termek\/1960-fip-vagott-blokk-az-egyesult-allamokba-kuldott-fdc-boritekon-phu-20-000-ft\/","title":{"rendered":"1960 FIP v\u00e1gott blokk az Egyes\u00fclt \u00e1llamokba k\u00fcld\u00f6tt FDC bor\u00edt\u00e9kon PHu: 20.000+ Ft"},"content":{"rendered":"","protected":false},"excerpt":{"rendered":"","protected":false},"featured_media":11774,"template":"","meta":[],"product_brand":[],"product_cat":[73],"product_tag":[1044,116,100],"class_list":{"0":"post-5903","1":"product","2":"type-product","3":"status-publish","4":"has-post-thumbnail","6":"product_cat-magyarorszag-1st","7":"product_tag-1st-auction-hu","8":"product_tag-belyeg","9":"product_tag-fdc","10":"pa_catalog_id-673","12":"first","13":"outofstock","14":"sold-individually","15":"shipping-taxable","16":"product-type-simple"},"_links":{"self":[{"href":"https:\/\/stampcurio.com\/hu\/wp-json\/wp\/v2\/product\/5903","targetHints":{"allow":["GET"]}}],"collection":[{"href":"https:\/\/stampcurio.com\/hu\/wp-json\/wp\/v2\/product"}],"about":[{"href":"https:\/\/stampcurio.com\/hu\/wp-json\/wp\/v2\/types\/product"}],"wp:featuredmedia":[{"embeddable":true,"href":"https:\/\/stampcurio.com\/hu\/wp-json\/wp\/v2\/media\/11774"}],"wp:attachment":[{"href":"https:\/\/stampcurio.com\/hu\/wp-json\/wp\/v2\/media?parent=5903"}],"wp:term":[{"taxonomy":"product_brand","embeddable":true,"href":"https:\/\/stampcurio.com\/hu\/wp-json\/wp\/v2\/product_brand?post=5903"},{"taxonomy":"product_cat","embeddable":true,"href":"https:\/\/stampcurio.com\/hu\/wp-json\/wp\/v2\/product_cat?post=5903"},{"taxonomy":"product_tag","embeddable":true,"href":"https:\/\/stampcurio.com\/hu\/wp-json\/wp\/v2\/product_tag?post=5903"}],"curies":[{"name":"wp","href":"https:\/\/api.w.org\/{rel}","templated":true}]}}