{"id":5897,"date":"2023-11-20T15:24:57","date_gmt":"2023-11-20T14:24:57","guid":{"rendered":"http:\/\/stampcurio.com\/?post_type=product&#038;p=5897"},"modified":"2025-12-05T04:11:20","modified_gmt":"2025-12-05T03:11:20","slug":"1859-jon-szigetek-ket-eredeti-postatiszta-es-ket-hamisitvany","status":"publish","type":"product","link":"https:\/\/stampcurio.com\/hu\/termek\/1859-jon-szigetek-ket-eredeti-postatiszta-es-ket-hamisitvany\/","title":{"rendered":"1859 J\u00f3n-szigetek k\u00e9t eredeti postatiszta * \u00e9s k\u00e9t hamis\u00edtv\u00e1ny"},"content":{"rendered":"","protected":false},"excerpt":{"rendered":"","protected":false},"featured_media":5759,"template":"","meta":[],"product_brand":[],"product_cat":[180,285],"product_tag":[1044,116],"class_list":{"0":"post-5897","1":"product","2":"type-product","3":"status-publish","4":"has-post-thumbnail","6":"product_cat-egyesult-kiralysag-1st","7":"product_cat-gorogorszag-1st","8":"product_tag-1st-auction-hu","9":"product_tag-belyeg","10":"pa_catalog_id-670","12":"first","13":"outofstock","14":"sold-individually","15":"shipping-taxable","16":"product-type-simple"},"_links":{"self":[{"href":"https:\/\/stampcurio.com\/hu\/wp-json\/wp\/v2\/product\/5897","targetHints":{"allow":["GET"]}}],"collection":[{"href":"https:\/\/stampcurio.com\/hu\/wp-json\/wp\/v2\/product"}],"about":[{"href":"https:\/\/stampcurio.com\/hu\/wp-json\/wp\/v2\/types\/product"}],"wp:featuredmedia":[{"embeddable":true,"href":"https:\/\/stampcurio.com\/hu\/wp-json\/wp\/v2\/media\/5759"}],"wp:attachment":[{"href":"https:\/\/stampcurio.com\/hu\/wp-json\/wp\/v2\/media?parent=5897"}],"wp:term":[{"taxonomy":"product_brand","embeddable":true,"href":"https:\/\/stampcurio.com\/hu\/wp-json\/wp\/v2\/product_brand?post=5897"},{"taxonomy":"product_cat","embeddable":true,"href":"https:\/\/stampcurio.com\/hu\/wp-json\/wp\/v2\/product_cat?post=5897"},{"taxonomy":"product_tag","embeddable":true,"href":"https:\/\/stampcurio.com\/hu\/wp-json\/wp\/v2\/product_tag?post=5897"}],"curies":[{"name":"wp","href":"https:\/\/api.w.org\/{rel}","templated":true}]}}