{"id":5894,"date":"2023-11-20T15:20:00","date_gmt":"2023-11-20T14:20:00","guid":{"rendered":"http:\/\/stampcurio.com\/?post_type=product&#038;p=5894"},"modified":"2025-12-05T04:11:21","modified_gmt":"2025-12-05T03:11:21","slug":"1963-eszak-korea-ragadozo-allatok-postatiszta-sor-parokban","status":"publish","type":"product","link":"https:\/\/stampcurio.com\/hu\/termek\/1963-eszak-korea-ragadozo-allatok-postatiszta-sor-parokban\/","title":{"rendered":"1963 \u00c9szak-Korea &#8211; ragadoz\u00f3 \u00e1llatok postatiszta sor p\u00e1rokban"},"content":{"rendered":"","protected":false},"excerpt":{"rendered":"<p>Enyvez\u00e9s n\u00e9lk\u00fcl, ahogy gy\u00e1rtott\u00e1k.<\/p>\n","protected":false},"featured_media":11737,"template":"","meta":[],"product_brand":[],"product_cat":[644],"product_tag":[1044,116],"class_list":{"0":"post-5894","1":"product","2":"type-product","3":"status-publish","4":"has-post-thumbnail","6":"product_cat-eszak-korea-1st","7":"product_tag-1st-auction-hu","8":"product_tag-belyeg","9":"pa_catalog_id-669","11":"first","12":"outofstock","13":"sold-individually","14":"shipping-taxable","15":"product-type-simple"},"_links":{"self":[{"href":"https:\/\/stampcurio.com\/hu\/wp-json\/wp\/v2\/product\/5894","targetHints":{"allow":["GET"]}}],"collection":[{"href":"https:\/\/stampcurio.com\/hu\/wp-json\/wp\/v2\/product"}],"about":[{"href":"https:\/\/stampcurio.com\/hu\/wp-json\/wp\/v2\/types\/product"}],"wp:featuredmedia":[{"embeddable":true,"href":"https:\/\/stampcurio.com\/hu\/wp-json\/wp\/v2\/media\/11737"}],"wp:attachment":[{"href":"https:\/\/stampcurio.com\/hu\/wp-json\/wp\/v2\/media?parent=5894"}],"wp:term":[{"taxonomy":"product_brand","embeddable":true,"href":"https:\/\/stampcurio.com\/hu\/wp-json\/wp\/v2\/product_brand?post=5894"},{"taxonomy":"product_cat","embeddable":true,"href":"https:\/\/stampcurio.com\/hu\/wp-json\/wp\/v2\/product_cat?post=5894"},{"taxonomy":"product_tag","embeddable":true,"href":"https:\/\/stampcurio.com\/hu\/wp-json\/wp\/v2\/product_tag?post=5894"}],"curies":[{"name":"wp","href":"https:\/\/api.w.org\/{rel}","templated":true}]}}