{"id":5887,"date":"2023-11-20T15:11:07","date_gmt":"2023-11-20T14:11:07","guid":{"rendered":"http:\/\/stampcurio.com\/?post_type=product&#038;p=5887"},"modified":"2025-12-05T04:11:22","modified_gmt":"2025-12-05T03:11:22","slug":"1958-eszak-korea-legiposta-20w-parban-lisunov-li-2","status":"publish","type":"product","link":"https:\/\/stampcurio.com\/hu\/termek\/1958-eszak-korea-legiposta-20w-parban-lisunov-li-2\/","title":{"rendered":"1958 \u00c9szak-Korea &#8211; L\u00e9giposta 20W p\u00e1rban &#8211; Lisunov Li-2"},"content":{"rendered":"","protected":false},"excerpt":{"rendered":"","protected":false},"featured_media":11748,"template":"","meta":[],"product_brand":[],"product_cat":[644],"product_tag":[1044,116,1008,115],"class_list":{"0":"post-5887","1":"product","2":"type-product","3":"status-publish","4":"has-post-thumbnail","6":"product_cat-eszak-korea-1st","7":"product_tag-1st-auction-hu","8":"product_tag-belyeg","9":"product_tag-ebay","10":"product_tag-legiposta","11":"pa_catalog_id-666","13":"first","14":"outofstock","15":"sold-individually","16":"shipping-taxable","17":"product-type-simple"},"_links":{"self":[{"href":"https:\/\/stampcurio.com\/hu\/wp-json\/wp\/v2\/product\/5887","targetHints":{"allow":["GET"]}}],"collection":[{"href":"https:\/\/stampcurio.com\/hu\/wp-json\/wp\/v2\/product"}],"about":[{"href":"https:\/\/stampcurio.com\/hu\/wp-json\/wp\/v2\/types\/product"}],"wp:featuredmedia":[{"embeddable":true,"href":"https:\/\/stampcurio.com\/hu\/wp-json\/wp\/v2\/media\/11748"}],"wp:attachment":[{"href":"https:\/\/stampcurio.com\/hu\/wp-json\/wp\/v2\/media?parent=5887"}],"wp:term":[{"taxonomy":"product_brand","embeddable":true,"href":"https:\/\/stampcurio.com\/hu\/wp-json\/wp\/v2\/product_brand?post=5887"},{"taxonomy":"product_cat","embeddable":true,"href":"https:\/\/stampcurio.com\/hu\/wp-json\/wp\/v2\/product_cat?post=5887"},{"taxonomy":"product_tag","embeddable":true,"href":"https:\/\/stampcurio.com\/hu\/wp-json\/wp\/v2\/product_tag?post=5887"}],"curies":[{"name":"wp","href":"https:\/\/api.w.org\/{rel}","templated":true}]}}