{"id":5873,"date":"2023-11-20T14:55:07","date_gmt":"2023-11-20T13:55:07","guid":{"rendered":"http:\/\/stampcurio.com\/?post_type=product&#038;p=5873"},"modified":"2025-12-05T04:11:23","modified_gmt":"2025-12-05T03:11:23","slug":"1950-eszak-korea-order-of-the-national-flag-postatiszta-harmascsik","status":"publish","type":"product","link":"https:\/\/stampcurio.com\/hu\/termek\/1950-eszak-korea-order-of-the-national-flag-postatiszta-harmascsik\/","title":{"rendered":"1950 \u00c9szak-Korea \u2013 Order of the National Flag \u2013 postatiszta h\u00e1rmascs\u00edk"},"content":{"rendered":"","protected":false},"excerpt":{"rendered":"<p>Enyvez\u00e9s n\u00e9lk\u00fcl, ahogy gy\u00e1rtott\u00e1k.<br \/>\nEgy b\u00e9lyegen hajt\u00e1snyom.<\/p>\n","protected":false},"featured_media":11756,"template":"","meta":[],"product_brand":[],"product_cat":[644],"product_tag":[1044,116,1006],"class_list":{"0":"post-5873","1":"product","2":"type-product","3":"status-publish","4":"has-post-thumbnail","6":"product_cat-eszak-korea-1st","7":"product_tag-1st-auction-hu","8":"product_tag-belyeg","9":"product_tag-unsold","10":"pa_catalog_id-663","12":"first","13":"outofstock","14":"sold-individually","15":"shipping-taxable","16":"product-type-simple"},"_links":{"self":[{"href":"https:\/\/stampcurio.com\/hu\/wp-json\/wp\/v2\/product\/5873","targetHints":{"allow":["GET"]}}],"collection":[{"href":"https:\/\/stampcurio.com\/hu\/wp-json\/wp\/v2\/product"}],"about":[{"href":"https:\/\/stampcurio.com\/hu\/wp-json\/wp\/v2\/types\/product"}],"wp:featuredmedia":[{"embeddable":true,"href":"https:\/\/stampcurio.com\/hu\/wp-json\/wp\/v2\/media\/11756"}],"wp:attachment":[{"href":"https:\/\/stampcurio.com\/hu\/wp-json\/wp\/v2\/media?parent=5873"}],"wp:term":[{"taxonomy":"product_brand","embeddable":true,"href":"https:\/\/stampcurio.com\/hu\/wp-json\/wp\/v2\/product_brand?post=5873"},{"taxonomy":"product_cat","embeddable":true,"href":"https:\/\/stampcurio.com\/hu\/wp-json\/wp\/v2\/product_cat?post=5873"},{"taxonomy":"product_tag","embeddable":true,"href":"https:\/\/stampcurio.com\/hu\/wp-json\/wp\/v2\/product_tag?post=5873"}],"curies":[{"name":"wp","href":"https:\/\/api.w.org\/{rel}","templated":true}]}}