{"id":5870,"date":"2023-11-20T14:51:38","date_gmt":"2023-11-20T13:51:38","guid":{"rendered":"http:\/\/stampcurio.com\/?post_type=product&#038;p=5870"},"modified":"2025-12-05T04:11:23","modified_gmt":"2025-12-05T03:11:23","slug":"1958-eszak-korea-international-geophysical-year-70w-kilencestomb-ritkan-lathato-nagy-osszefugges","status":"publish","type":"product","link":"https:\/\/stampcurio.com\/hu\/termek\/1958-eszak-korea-international-geophysical-year-70w-kilencestomb-ritkan-lathato-nagy-osszefugges\/","title":{"rendered":"1958 \u00c9szak-Korea &#8211; International Geophysical Year &#8211; 70W kilencest\u00f6mb &#8211; ritk\u00e1n l\u00e1that\u00f3 nagy \u00f6sszef\u00fcgg\u00e9s"},"content":{"rendered":"","protected":false},"excerpt":{"rendered":"","protected":false},"featured_media":11759,"template":"","meta":[],"product_brand":[],"product_cat":[644],"product_tag":[1044,116,1008],"class_list":{"0":"post-5870","1":"product","2":"type-product","3":"status-publish","4":"has-post-thumbnail","6":"product_cat-eszak-korea-1st","7":"product_tag-1st-auction-hu","8":"product_tag-belyeg","9":"product_tag-ebay","10":"pa_catalog_id-662","12":"first","13":"outofstock","14":"sold-individually","15":"shipping-taxable","16":"product-type-simple"},"_links":{"self":[{"href":"https:\/\/stampcurio.com\/hu\/wp-json\/wp\/v2\/product\/5870","targetHints":{"allow":["GET"]}}],"collection":[{"href":"https:\/\/stampcurio.com\/hu\/wp-json\/wp\/v2\/product"}],"about":[{"href":"https:\/\/stampcurio.com\/hu\/wp-json\/wp\/v2\/types\/product"}],"wp:featuredmedia":[{"embeddable":true,"href":"https:\/\/stampcurio.com\/hu\/wp-json\/wp\/v2\/media\/11759"}],"wp:attachment":[{"href":"https:\/\/stampcurio.com\/hu\/wp-json\/wp\/v2\/media?parent=5870"}],"wp:term":[{"taxonomy":"product_brand","embeddable":true,"href":"https:\/\/stampcurio.com\/hu\/wp-json\/wp\/v2\/product_brand?post=5870"},{"taxonomy":"product_cat","embeddable":true,"href":"https:\/\/stampcurio.com\/hu\/wp-json\/wp\/v2\/product_cat?post=5870"},{"taxonomy":"product_tag","embeddable":true,"href":"https:\/\/stampcurio.com\/hu\/wp-json\/wp\/v2\/product_tag?post=5870"}],"curies":[{"name":"wp","href":"https:\/\/api.w.org\/{rel}","templated":true}]}}