{"id":5868,"date":"2023-11-20T14:49:00","date_gmt":"2023-11-20T13:49:00","guid":{"rendered":"http:\/\/stampcurio.com\/?post_type=product&#038;p=5868"},"modified":"2025-12-05T04:11:24","modified_gmt":"2025-12-05T03:11:24","slug":"1950-eszak-korea-order-of-the-national-flag-sotetzold-szinben","status":"publish","type":"product","link":"https:\/\/stampcurio.com\/hu\/termek\/1950-eszak-korea-order-of-the-national-flag-sotetzold-szinben\/","title":{"rendered":"1950 \u00c9szak-Korea \u2013 Order of the National Flag &#8211; s\u00f6t\u00e9tz\u00f6ld sz\u00ednben"},"content":{"rendered":"","protected":false},"excerpt":{"rendered":"","protected":false},"featured_media":11762,"template":"","meta":[],"product_brand":[],"product_cat":[644],"product_tag":[1044,116],"class_list":{"0":"post-5868","1":"product","2":"type-product","3":"status-publish","4":"has-post-thumbnail","6":"product_cat-eszak-korea-1st","7":"product_tag-1st-auction-hu","8":"product_tag-belyeg","9":"pa_catalog_id-661","11":"first","12":"outofstock","13":"sold-individually","14":"shipping-taxable","15":"product-type-simple"},"_links":{"self":[{"href":"https:\/\/stampcurio.com\/hu\/wp-json\/wp\/v2\/product\/5868","targetHints":{"allow":["GET"]}}],"collection":[{"href":"https:\/\/stampcurio.com\/hu\/wp-json\/wp\/v2\/product"}],"about":[{"href":"https:\/\/stampcurio.com\/hu\/wp-json\/wp\/v2\/types\/product"}],"wp:featuredmedia":[{"embeddable":true,"href":"https:\/\/stampcurio.com\/hu\/wp-json\/wp\/v2\/media\/11762"}],"wp:attachment":[{"href":"https:\/\/stampcurio.com\/hu\/wp-json\/wp\/v2\/media?parent=5868"}],"wp:term":[{"taxonomy":"product_brand","embeddable":true,"href":"https:\/\/stampcurio.com\/hu\/wp-json\/wp\/v2\/product_brand?post=5868"},{"taxonomy":"product_cat","embeddable":true,"href":"https:\/\/stampcurio.com\/hu\/wp-json\/wp\/v2\/product_cat?post=5868"},{"taxonomy":"product_tag","embeddable":true,"href":"https:\/\/stampcurio.com\/hu\/wp-json\/wp\/v2\/product_tag?post=5868"}],"curies":[{"name":"wp","href":"https:\/\/api.w.org\/{rel}","templated":true}]}}