{"id":5862,"date":"2023-11-20T14:43:31","date_gmt":"2023-11-20T13:43:31","guid":{"rendered":"http:\/\/stampcurio.com\/?post_type=product&#038;p=5862"},"modified":"2025-12-05T04:11:24","modified_gmt":"2025-12-05T03:11:24","slug":"1950-eszak-korea-5th-anniversary-of-liberation-sima-zaszlok-tevnyomat","status":"publish","type":"product","link":"https:\/\/stampcurio.com\/hu\/termek\/1950-eszak-korea-5th-anniversary-of-liberation-sima-zaszlok-tevnyomat\/","title":{"rendered":"1950 \u00c9szak-Korea \u2013 5th anniversary of liberation \u2013 sima z\u00e1szl\u00f3k t\u00e9vnyomat"},"content":{"rendered":"","protected":false},"excerpt":{"rendered":"","protected":false},"featured_media":5711,"template":"","meta":[],"product_brand":[],"product_cat":[644],"product_tag":[1044,116,1008,217],"class_list":{"0":"post-5862","1":"product","2":"type-product","3":"status-publish","4":"has-post-thumbnail","6":"product_cat-eszak-korea-1st","7":"product_tag-1st-auction-hu","8":"product_tag-belyeg","9":"product_tag-ebay","10":"product_tag-tevnyomat","11":"pa_catalog_id-659","13":"first","14":"outofstock","15":"sold-individually","16":"shipping-taxable","17":"product-type-simple"},"_links":{"self":[{"href":"https:\/\/stampcurio.com\/hu\/wp-json\/wp\/v2\/product\/5862","targetHints":{"allow":["GET"]}}],"collection":[{"href":"https:\/\/stampcurio.com\/hu\/wp-json\/wp\/v2\/product"}],"about":[{"href":"https:\/\/stampcurio.com\/hu\/wp-json\/wp\/v2\/types\/product"}],"wp:featuredmedia":[{"embeddable":true,"href":"https:\/\/stampcurio.com\/hu\/wp-json\/wp\/v2\/media\/5711"}],"wp:attachment":[{"href":"https:\/\/stampcurio.com\/hu\/wp-json\/wp\/v2\/media?parent=5862"}],"wp:term":[{"taxonomy":"product_brand","embeddable":true,"href":"https:\/\/stampcurio.com\/hu\/wp-json\/wp\/v2\/product_brand?post=5862"},{"taxonomy":"product_cat","embeddable":true,"href":"https:\/\/stampcurio.com\/hu\/wp-json\/wp\/v2\/product_cat?post=5862"},{"taxonomy":"product_tag","embeddable":true,"href":"https:\/\/stampcurio.com\/hu\/wp-json\/wp\/v2\/product_tag?post=5862"}],"curies":[{"name":"wp","href":"https:\/\/api.w.org\/{rel}","templated":true}]}}