{"id":5853,"date":"2023-11-20T14:22:22","date_gmt":"2023-11-20T13:22:22","guid":{"rendered":"http:\/\/stampcurio.com\/?post_type=product&#038;p=5853"},"modified":"2025-12-05T04:11:26","modified_gmt":"2025-12-05T03:11:26","slug":"1954-eszak-korea-taedong-gate-harom-kulonfele-szinben","status":"publish","type":"product","link":"https:\/\/stampcurio.com\/hu\/termek\/1954-eszak-korea-taedong-gate-harom-kulonfele-szinben\/","title":{"rendered":"1954 \u00c9szak-Korea &#8211; Taedong Gate &#8211; h\u00e1rom k\u00fcl\u00f6nf\u00e9le sz\u00ednben"},"content":{"rendered":"","protected":false},"excerpt":{"rendered":"","protected":false},"featured_media":11704,"template":"","meta":[],"product_brand":[],"product_cat":[644],"product_tag":[1044,116,1008,217],"class_list":{"0":"post-5853","1":"product","2":"type-product","3":"status-publish","4":"has-post-thumbnail","6":"product_cat-eszak-korea-1st","7":"product_tag-1st-auction-hu","8":"product_tag-belyeg","9":"product_tag-ebay","10":"product_tag-tevnyomat","11":"pa_catalog_id-656","13":"first","14":"outofstock","15":"sold-individually","16":"shipping-taxable","17":"product-type-simple"},"_links":{"self":[{"href":"https:\/\/stampcurio.com\/hu\/wp-json\/wp\/v2\/product\/5853","targetHints":{"allow":["GET"]}}],"collection":[{"href":"https:\/\/stampcurio.com\/hu\/wp-json\/wp\/v2\/product"}],"about":[{"href":"https:\/\/stampcurio.com\/hu\/wp-json\/wp\/v2\/types\/product"}],"wp:featuredmedia":[{"embeddable":true,"href":"https:\/\/stampcurio.com\/hu\/wp-json\/wp\/v2\/media\/11704"}],"wp:attachment":[{"href":"https:\/\/stampcurio.com\/hu\/wp-json\/wp\/v2\/media?parent=5853"}],"wp:term":[{"taxonomy":"product_brand","embeddable":true,"href":"https:\/\/stampcurio.com\/hu\/wp-json\/wp\/v2\/product_brand?post=5853"},{"taxonomy":"product_cat","embeddable":true,"href":"https:\/\/stampcurio.com\/hu\/wp-json\/wp\/v2\/product_cat?post=5853"},{"taxonomy":"product_tag","embeddable":true,"href":"https:\/\/stampcurio.com\/hu\/wp-json\/wp\/v2\/product_tag?post=5853"}],"curies":[{"name":"wp","href":"https:\/\/api.w.org\/{rel}","templated":true}]}}