{"id":5850,"date":"2023-11-20T14:16:17","date_gmt":"2023-11-20T13:16:17","guid":{"rendered":"http:\/\/stampcurio.com\/?post_type=product&#038;p=5850"},"modified":"2025-12-05T04:11:26","modified_gmt":"2025-12-05T03:11:26","slug":"1952-eszak-korea-peace-propaganda-harom-variansban","status":"publish","type":"product","link":"https:\/\/stampcurio.com\/hu\/termek\/1952-eszak-korea-peace-propaganda-harom-variansban\/","title":{"rendered":"1952 \u00c9szak-Korea &#8211; Peace Propaganda  &#8211; h\u00e1rom vari\u00e1nsban"},"content":{"rendered":"","protected":false},"excerpt":{"rendered":"<p>1. A vil\u00e1gos k\u00e9k sz\u00edn jelent\u0151s elcs\u00fasz\u00e1s\u00e1val.<br \/>\n2. Ausztr\u00e1lia ter\u00fclet\u00e9n is &#8220;hull\u00e1mz\u00f3 tenger&#8221;<br \/>\n3. ritk\u00e1n siker\u00fclt az ilyen t\u00f6k\u00e9letes levonat ahol minden sz\u00edn pont a hely\u00e9re ker\u00fclt.<\/p>\n","protected":false},"featured_media":5684,"template":"","meta":[],"product_brand":[],"product_cat":[644],"product_tag":[1044,116,217],"class_list":{"0":"post-5850","1":"product","2":"type-product","3":"status-publish","4":"has-post-thumbnail","6":"product_cat-eszak-korea-1st","7":"product_tag-1st-auction-hu","8":"product_tag-belyeg","9":"product_tag-tevnyomat","10":"pa_catalog_id-672","12":"first","13":"outofstock","14":"sold-individually","15":"shipping-taxable","16":"product-type-simple"},"_links":{"self":[{"href":"https:\/\/stampcurio.com\/hu\/wp-json\/wp\/v2\/product\/5850","targetHints":{"allow":["GET"]}}],"collection":[{"href":"https:\/\/stampcurio.com\/hu\/wp-json\/wp\/v2\/product"}],"about":[{"href":"https:\/\/stampcurio.com\/hu\/wp-json\/wp\/v2\/types\/product"}],"wp:featuredmedia":[{"embeddable":true,"href":"https:\/\/stampcurio.com\/hu\/wp-json\/wp\/v2\/media\/5684"}],"wp:attachment":[{"href":"https:\/\/stampcurio.com\/hu\/wp-json\/wp\/v2\/media?parent=5850"}],"wp:term":[{"taxonomy":"product_brand","embeddable":true,"href":"https:\/\/stampcurio.com\/hu\/wp-json\/wp\/v2\/product_brand?post=5850"},{"taxonomy":"product_cat","embeddable":true,"href":"https:\/\/stampcurio.com\/hu\/wp-json\/wp\/v2\/product_cat?post=5850"},{"taxonomy":"product_tag","embeddable":true,"href":"https:\/\/stampcurio.com\/hu\/wp-json\/wp\/v2\/product_tag?post=5850"}],"curies":[{"name":"wp","href":"https:\/\/api.w.org\/{rel}","templated":true}]}}