{"id":5842,"date":"2023-11-20T14:12:11","date_gmt":"2023-11-20T13:12:11","guid":{"rendered":"http:\/\/stampcurio.com\/?post_type=product&#038;p=5842"},"modified":"2025-12-05T04:11:26","modified_gmt":"2025-12-05T03:11:26","slug":"1951-eszak-korea-6th-anniversary-of-liberation-2w-eredeti-es-az-1957-s-ujnyomat","status":"publish","type":"product","link":"https:\/\/stampcurio.com\/hu\/termek\/1951-eszak-korea-6th-anniversary-of-liberation-2w-eredeti-es-az-1957-s-ujnyomat\/","title":{"rendered":"1951 \u00c9szak-Korea &#8211; 6th anniversary of liberation &#8211; 2W eredeti \u00e9s az 1957-s \u00fajnyomat"},"content":{"rendered":"","protected":false},"excerpt":{"rendered":"","protected":false},"featured_media":5844,"template":"","meta":[],"product_brand":[],"product_cat":[644],"product_tag":[1044,116,1008],"class_list":{"0":"post-5842","1":"product","2":"type-product","3":"status-publish","4":"has-post-thumbnail","6":"product_cat-eszak-korea-1st","7":"product_tag-1st-auction-hu","8":"product_tag-belyeg","9":"product_tag-ebay","10":"pa_catalog_id-655","12":"first","13":"outofstock","14":"sold-individually","15":"shipping-taxable","16":"product-type-simple"},"_links":{"self":[{"href":"https:\/\/stampcurio.com\/hu\/wp-json\/wp\/v2\/product\/5842","targetHints":{"allow":["GET"]}}],"collection":[{"href":"https:\/\/stampcurio.com\/hu\/wp-json\/wp\/v2\/product"}],"about":[{"href":"https:\/\/stampcurio.com\/hu\/wp-json\/wp\/v2\/types\/product"}],"wp:featuredmedia":[{"embeddable":true,"href":"https:\/\/stampcurio.com\/hu\/wp-json\/wp\/v2\/media\/5844"}],"wp:attachment":[{"href":"https:\/\/stampcurio.com\/hu\/wp-json\/wp\/v2\/media?parent=5842"}],"wp:term":[{"taxonomy":"product_brand","embeddable":true,"href":"https:\/\/stampcurio.com\/hu\/wp-json\/wp\/v2\/product_brand?post=5842"},{"taxonomy":"product_cat","embeddable":true,"href":"https:\/\/stampcurio.com\/hu\/wp-json\/wp\/v2\/product_cat?post=5842"},{"taxonomy":"product_tag","embeddable":true,"href":"https:\/\/stampcurio.com\/hu\/wp-json\/wp\/v2\/product_tag?post=5842"}],"curies":[{"name":"wp","href":"https:\/\/api.w.org\/{rel}","templated":true}]}}