{"id":5837,"date":"2023-11-20T14:04:54","date_gmt":"2023-11-20T13:04:54","guid":{"rendered":"http:\/\/stampcurio.com\/?post_type=product&#038;p=5837"},"modified":"2025-12-05T04:11:28","modified_gmt":"2025-12-05T03:11:28","slug":"1957-eszak-korea-monuments-ulmil-pavilon-hasznalt-harmascsik","status":"publish","type":"product","link":"https:\/\/stampcurio.com\/hu\/termek\/1957-eszak-korea-monuments-ulmil-pavilon-hasznalt-harmascsik\/","title":{"rendered":"1957 \u00c9szak-Korea &#8211; Monuments \/ Ulmil pavilon haszn\u00e1lt h\u00e1rmascs\u00edk"},"content":{"rendered":"","protected":false},"excerpt":{"rendered":"","protected":false},"featured_media":11707,"template":"","meta":[],"product_brand":[],"product_cat":[644],"product_tag":[1044,116,1008],"class_list":{"0":"post-5837","1":"product","2":"type-product","3":"status-publish","4":"has-post-thumbnail","6":"product_cat-eszak-korea-1st","7":"product_tag-1st-auction-hu","8":"product_tag-belyeg","9":"product_tag-ebay","10":"pa_catalog_id-653","12":"first","13":"outofstock","14":"sold-individually","15":"shipping-taxable","16":"product-type-simple"},"_links":{"self":[{"href":"https:\/\/stampcurio.com\/hu\/wp-json\/wp\/v2\/product\/5837","targetHints":{"allow":["GET"]}}],"collection":[{"href":"https:\/\/stampcurio.com\/hu\/wp-json\/wp\/v2\/product"}],"about":[{"href":"https:\/\/stampcurio.com\/hu\/wp-json\/wp\/v2\/types\/product"}],"wp:featuredmedia":[{"embeddable":true,"href":"https:\/\/stampcurio.com\/hu\/wp-json\/wp\/v2\/media\/11707"}],"wp:attachment":[{"href":"https:\/\/stampcurio.com\/hu\/wp-json\/wp\/v2\/media?parent=5837"}],"wp:term":[{"taxonomy":"product_brand","embeddable":true,"href":"https:\/\/stampcurio.com\/hu\/wp-json\/wp\/v2\/product_brand?post=5837"},{"taxonomy":"product_cat","embeddable":true,"href":"https:\/\/stampcurio.com\/hu\/wp-json\/wp\/v2\/product_cat?post=5837"},{"taxonomy":"product_tag","embeddable":true,"href":"https:\/\/stampcurio.com\/hu\/wp-json\/wp\/v2\/product_tag?post=5837"}],"curies":[{"name":"wp","href":"https:\/\/api.w.org\/{rel}","templated":true}]}}