{"id":5831,"date":"2023-11-20T13:59:02","date_gmt":"2023-11-20T12:59:02","guid":{"rendered":"http:\/\/stampcurio.com\/?post_type=product&#038;p=5831"},"modified":"2025-12-05T04:11:28","modified_gmt":"2025-12-05T03:11:28","slug":"1954-eszak-korea-hwanghae-iron-works-ket-szinarnyalatban-eltero-lemezrol-nyomva","status":"publish","type":"product","link":"https:\/\/stampcurio.com\/hu\/termek\/1954-eszak-korea-hwanghae-iron-works-ket-szinarnyalatban-eltero-lemezrol-nyomva\/","title":{"rendered":"1954 \u00c9szak-Korea Hwanghae Iron Works &#8211; k\u00e9t sz\u00edn\u00e1rnyalatban &#8211; elt\u00e9r\u0151 lemezr\u0151l nyomva"},"content":{"rendered":"","protected":false},"excerpt":{"rendered":"<p>A nyom\u00e1si jellemz\u0151i alapj\u00e1n, lehet hogy a vil\u00e1gosk\u00e9k egy eddig m\u00e9g nem katalogiz\u00e1lt \u00fajnyomat.<\/p>\n","protected":false},"featured_media":11710,"template":"","meta":[],"product_brand":[],"product_cat":[644],"product_tag":[1044,116,1008,217],"class_list":{"0":"post-5831","1":"product","2":"type-product","3":"status-publish","4":"has-post-thumbnail","6":"product_cat-eszak-korea-1st","7":"product_tag-1st-auction-hu","8":"product_tag-belyeg","9":"product_tag-ebay","10":"product_tag-tevnyomat","11":"pa_catalog_id-652","13":"first","14":"outofstock","15":"sold-individually","16":"shipping-taxable","17":"product-type-simple"},"_links":{"self":[{"href":"https:\/\/stampcurio.com\/hu\/wp-json\/wp\/v2\/product\/5831","targetHints":{"allow":["GET"]}}],"collection":[{"href":"https:\/\/stampcurio.com\/hu\/wp-json\/wp\/v2\/product"}],"about":[{"href":"https:\/\/stampcurio.com\/hu\/wp-json\/wp\/v2\/types\/product"}],"wp:featuredmedia":[{"embeddable":true,"href":"https:\/\/stampcurio.com\/hu\/wp-json\/wp\/v2\/media\/11710"}],"wp:attachment":[{"href":"https:\/\/stampcurio.com\/hu\/wp-json\/wp\/v2\/media?parent=5831"}],"wp:term":[{"taxonomy":"product_brand","embeddable":true,"href":"https:\/\/stampcurio.com\/hu\/wp-json\/wp\/v2\/product_brand?post=5831"},{"taxonomy":"product_cat","embeddable":true,"href":"https:\/\/stampcurio.com\/hu\/wp-json\/wp\/v2\/product_cat?post=5831"},{"taxonomy":"product_tag","embeddable":true,"href":"https:\/\/stampcurio.com\/hu\/wp-json\/wp\/v2\/product_tag?post=5831"}],"curies":[{"name":"wp","href":"https:\/\/api.w.org\/{rel}","templated":true}]}}