{"id":5829,"date":"2023-11-20T13:53:38","date_gmt":"2023-11-20T12:53:38","guid":{"rendered":"http:\/\/stampcurio.com\/?post_type=product&#038;p=5829"},"modified":"2025-12-05T04:11:28","modified_gmt":"2025-12-05T03:11:28","slug":"1956-eszak-korea-standing-rock-in-sea-kumgang-maritime-park-vagott-par","status":"publish","type":"product","link":"https:\/\/stampcurio.com\/hu\/termek\/1956-eszak-korea-standing-rock-in-sea-kumgang-maritime-park-vagott-par\/","title":{"rendered":"1956 \u00c9szak-korea &#8211; Standing Rock in Sea Kumgang Maritime Park &#8211; v\u00e1gott p\u00e1r"},"content":{"rendered":"","protected":false},"excerpt":{"rendered":"","protected":false},"featured_media":11715,"template":"","meta":[],"product_brand":[],"product_cat":[644],"product_tag":[1044,116,1008],"class_list":{"0":"post-5829","1":"product","2":"type-product","3":"status-publish","4":"has-post-thumbnail","6":"product_cat-eszak-korea-1st","7":"product_tag-1st-auction-hu","8":"product_tag-belyeg","9":"product_tag-ebay","10":"pa_catalog_id-651","12":"first","13":"outofstock","14":"sold-individually","15":"shipping-taxable","16":"product-type-simple"},"_links":{"self":[{"href":"https:\/\/stampcurio.com\/hu\/wp-json\/wp\/v2\/product\/5829","targetHints":{"allow":["GET"]}}],"collection":[{"href":"https:\/\/stampcurio.com\/hu\/wp-json\/wp\/v2\/product"}],"about":[{"href":"https:\/\/stampcurio.com\/hu\/wp-json\/wp\/v2\/types\/product"}],"wp:featuredmedia":[{"embeddable":true,"href":"https:\/\/stampcurio.com\/hu\/wp-json\/wp\/v2\/media\/11715"}],"wp:attachment":[{"href":"https:\/\/stampcurio.com\/hu\/wp-json\/wp\/v2\/media?parent=5829"}],"wp:term":[{"taxonomy":"product_brand","embeddable":true,"href":"https:\/\/stampcurio.com\/hu\/wp-json\/wp\/v2\/product_brand?post=5829"},{"taxonomy":"product_cat","embeddable":true,"href":"https:\/\/stampcurio.com\/hu\/wp-json\/wp\/v2\/product_cat?post=5829"},{"taxonomy":"product_tag","embeddable":true,"href":"https:\/\/stampcurio.com\/hu\/wp-json\/wp\/v2\/product_tag?post=5829"}],"curies":[{"name":"wp","href":"https:\/\/api.w.org\/{rel}","templated":true}]}}