{"id":5825,"date":"2023-11-20T13:50:23","date_gmt":"2023-11-20T12:50:23","guid":{"rendered":"http:\/\/stampcurio.com\/?post_type=product&#038;p=5825"},"modified":"2025-12-05T04:11:29","modified_gmt":"2025-12-05T03:11:29","slug":"1957-eszak-korea-productivity-campaign-vagott-fuggoleges-harmascsik","status":"publish","type":"product","link":"https:\/\/stampcurio.com\/hu\/termek\/1957-eszak-korea-productivity-campaign-vagott-fuggoleges-harmascsik\/","title":{"rendered":"1957 \u00c9szak-Korea &#8211; Productivity Campaign v\u00e1gott f\u00fcgg\u0151leges h\u00e1rmascs\u00edk"},"content":{"rendered":"","protected":false},"excerpt":{"rendered":"","protected":false},"featured_media":5641,"template":"","meta":[],"product_brand":[],"product_cat":[644],"product_tag":[1044,116,1008],"class_list":{"0":"post-5825","1":"product","2":"type-product","3":"status-publish","4":"has-post-thumbnail","6":"product_cat-eszak-korea-1st","7":"product_tag-1st-auction-hu","8":"product_tag-belyeg","9":"product_tag-ebay","10":"pa_catalog_id-650","12":"first","13":"outofstock","14":"sold-individually","15":"shipping-taxable","16":"product-type-simple"},"_links":{"self":[{"href":"https:\/\/stampcurio.com\/hu\/wp-json\/wp\/v2\/product\/5825","targetHints":{"allow":["GET"]}}],"collection":[{"href":"https:\/\/stampcurio.com\/hu\/wp-json\/wp\/v2\/product"}],"about":[{"href":"https:\/\/stampcurio.com\/hu\/wp-json\/wp\/v2\/types\/product"}],"wp:featuredmedia":[{"embeddable":true,"href":"https:\/\/stampcurio.com\/hu\/wp-json\/wp\/v2\/media\/5641"}],"wp:attachment":[{"href":"https:\/\/stampcurio.com\/hu\/wp-json\/wp\/v2\/media?parent=5825"}],"wp:term":[{"taxonomy":"product_brand","embeddable":true,"href":"https:\/\/stampcurio.com\/hu\/wp-json\/wp\/v2\/product_brand?post=5825"},{"taxonomy":"product_cat","embeddable":true,"href":"https:\/\/stampcurio.com\/hu\/wp-json\/wp\/v2\/product_cat?post=5825"},{"taxonomy":"product_tag","embeddable":true,"href":"https:\/\/stampcurio.com\/hu\/wp-json\/wp\/v2\/product_tag?post=5825"}],"curies":[{"name":"wp","href":"https:\/\/api.w.org\/{rel}","templated":true}]}}