{"id":5824,"date":"2023-11-20T13:45:58","date_gmt":"2023-11-20T12:45:58","guid":{"rendered":"http:\/\/stampcurio.com\/?post_type=product&#038;p=5824"},"modified":"2025-12-05T04:11:29","modified_gmt":"2025-12-05T03:11:29","slug":"1851-kanada-elso-belyege-a-hod-vekony-papiron-katalogus-ertek-200-eur","status":"publish","type":"product","link":"https:\/\/stampcurio.com\/hu\/termek\/1851-kanada-elso-belyege-a-hod-vekony-papiron-katalogus-ertek-200-eur\/","title":{"rendered":"1851 Kanada els\u0151 b\u00e9lyege a H\u00f3d, v\u00e9kony pap\u00edron &#8211; Katal\u00f3gus \u00e9rt\u00e9k 200 EUR"},"content":{"rendered":"","protected":false},"excerpt":{"rendered":"<p>T\u0171sz\u00far\u00e1s nyoma, a k\u00e9pen jel\u00f6lve.<\/p>\n","protected":false},"featured_media":11718,"template":"","meta":[],"product_brand":[],"product_cat":[180,253],"product_tag":[1044,116],"class_list":{"0":"post-5824","1":"product","2":"type-product","3":"status-publish","4":"has-post-thumbnail","6":"product_cat-egyesult-kiralysag-1st","7":"product_cat-kanada-1st","8":"product_tag-1st-auction-hu","9":"product_tag-belyeg","10":"pa_catalog_id-649","12":"first","13":"outofstock","14":"sold-individually","15":"shipping-taxable","16":"product-type-simple"},"_links":{"self":[{"href":"https:\/\/stampcurio.com\/hu\/wp-json\/wp\/v2\/product\/5824","targetHints":{"allow":["GET"]}}],"collection":[{"href":"https:\/\/stampcurio.com\/hu\/wp-json\/wp\/v2\/product"}],"about":[{"href":"https:\/\/stampcurio.com\/hu\/wp-json\/wp\/v2\/types\/product"}],"wp:featuredmedia":[{"embeddable":true,"href":"https:\/\/stampcurio.com\/hu\/wp-json\/wp\/v2\/media\/11718"}],"wp:attachment":[{"href":"https:\/\/stampcurio.com\/hu\/wp-json\/wp\/v2\/media?parent=5824"}],"wp:term":[{"taxonomy":"product_brand","embeddable":true,"href":"https:\/\/stampcurio.com\/hu\/wp-json\/wp\/v2\/product_brand?post=5824"},{"taxonomy":"product_cat","embeddable":true,"href":"https:\/\/stampcurio.com\/hu\/wp-json\/wp\/v2\/product_cat?post=5824"},{"taxonomy":"product_tag","embeddable":true,"href":"https:\/\/stampcurio.com\/hu\/wp-json\/wp\/v2\/product_tag?post=5824"}],"curies":[{"name":"wp","href":"https:\/\/api.w.org\/{rel}","templated":true}]}}