{"id":5820,"date":"2023-11-20T13:41:09","date_gmt":"2023-11-20T12:41:09","guid":{"rendered":"http:\/\/stampcurio.com\/?post_type=product&#038;p=5820"},"modified":"2025-12-05T04:11:30","modified_gmt":"2025-12-05T03:11:30","slug":"1858-svedorszag-pecsetelt-9-ore-festekfolt-a-bal-felso-saroknal-fogazat-142513514135-katalogus-ertek-200-eur","status":"publish","type":"product","link":"https:\/\/stampcurio.com\/hu\/termek\/1858-svedorszag-pecsetelt-9-ore-festekfolt-a-bal-felso-saroknal-fogazat-142513514135-katalogus-ertek-200-eur\/","title":{"rendered":"1858 Sv\u00e9dorsz\u00e1g pecs\u00e9telt 9 \u00f6re, fest\u00e9kfolt a bal fels\u0151 sarokn\u00e1l &#8211; Fogazat: 14,25:13,5:14:13,5 Katal\u00f3gus \u00e9rt\u00e9k 200 EUR"},"content":{"rendered":"","protected":false},"excerpt":{"rendered":"","protected":false},"featured_media":11721,"template":"","meta":[],"product_brand":[],"product_cat":[136],"product_tag":[1044,116],"class_list":{"0":"post-5820","1":"product","2":"type-product","3":"status-publish","4":"has-post-thumbnail","6":"product_cat-svedorszag-1st","7":"product_tag-1st-auction-hu","8":"product_tag-belyeg","9":"pa_catalog_id-648","11":"first","12":"outofstock","13":"sold-individually","14":"shipping-taxable","15":"product-type-simple"},"_links":{"self":[{"href":"https:\/\/stampcurio.com\/hu\/wp-json\/wp\/v2\/product\/5820","targetHints":{"allow":["GET"]}}],"collection":[{"href":"https:\/\/stampcurio.com\/hu\/wp-json\/wp\/v2\/product"}],"about":[{"href":"https:\/\/stampcurio.com\/hu\/wp-json\/wp\/v2\/types\/product"}],"wp:featuredmedia":[{"embeddable":true,"href":"https:\/\/stampcurio.com\/hu\/wp-json\/wp\/v2\/media\/11721"}],"wp:attachment":[{"href":"https:\/\/stampcurio.com\/hu\/wp-json\/wp\/v2\/media?parent=5820"}],"wp:term":[{"taxonomy":"product_brand","embeddable":true,"href":"https:\/\/stampcurio.com\/hu\/wp-json\/wp\/v2\/product_brand?post=5820"},{"taxonomy":"product_cat","embeddable":true,"href":"https:\/\/stampcurio.com\/hu\/wp-json\/wp\/v2\/product_cat?post=5820"},{"taxonomy":"product_tag","embeddable":true,"href":"https:\/\/stampcurio.com\/hu\/wp-json\/wp\/v2\/product_tag?post=5820"}],"curies":[{"name":"wp","href":"https:\/\/api.w.org\/{rel}","templated":true}]}}