{"id":5817,"date":"2023-11-20T13:37:56","date_gmt":"2023-11-20T12:37:56","guid":{"rendered":"http:\/\/stampcurio.com\/?post_type=product&#038;p=5817"},"modified":"2025-12-05T04:11:30","modified_gmt":"2025-12-05T03:11:30","slug":"1872-svedorszag-4-ore-pecsetelt-fogazat-14-katalogus-ertek-125-eur","status":"publish","type":"product","link":"https:\/\/stampcurio.com\/hu\/termek\/1872-svedorszag-4-ore-pecsetelt-fogazat-14-katalogus-ertek-125-eur\/","title":{"rendered":"1872 Sv\u00e9dorsz\u00e1g 4 \u00f6re pecs\u00e9telt fogazat: 14 Katal\u00f3gus \u00e9rt\u00e9k 125 EUR"},"content":{"rendered":"","protected":false},"excerpt":{"rendered":"","protected":false},"featured_media":11726,"template":"","meta":[],"product_brand":[],"product_cat":[136],"product_tag":[1044,116],"class_list":{"0":"post-5817","1":"product","2":"type-product","3":"status-publish","4":"has-post-thumbnail","6":"product_cat-svedorszag-1st","7":"product_tag-1st-auction-hu","8":"product_tag-belyeg","9":"pa_catalog_id-647","11":"first","12":"outofstock","13":"sold-individually","14":"shipping-taxable","15":"product-type-simple"},"_links":{"self":[{"href":"https:\/\/stampcurio.com\/hu\/wp-json\/wp\/v2\/product\/5817","targetHints":{"allow":["GET"]}}],"collection":[{"href":"https:\/\/stampcurio.com\/hu\/wp-json\/wp\/v2\/product"}],"about":[{"href":"https:\/\/stampcurio.com\/hu\/wp-json\/wp\/v2\/types\/product"}],"wp:featuredmedia":[{"embeddable":true,"href":"https:\/\/stampcurio.com\/hu\/wp-json\/wp\/v2\/media\/11726"}],"wp:attachment":[{"href":"https:\/\/stampcurio.com\/hu\/wp-json\/wp\/v2\/media?parent=5817"}],"wp:term":[{"taxonomy":"product_brand","embeddable":true,"href":"https:\/\/stampcurio.com\/hu\/wp-json\/wp\/v2\/product_brand?post=5817"},{"taxonomy":"product_cat","embeddable":true,"href":"https:\/\/stampcurio.com\/hu\/wp-json\/wp\/v2\/product_cat?post=5817"},{"taxonomy":"product_tag","embeddable":true,"href":"https:\/\/stampcurio.com\/hu\/wp-json\/wp\/v2\/product_tag?post=5817"}],"curies":[{"name":"wp","href":"https:\/\/api.w.org\/{rel}","templated":true}]}}