{"id":5809,"date":"2023-11-20T13:22:05","date_gmt":"2023-11-20T12:22:05","guid":{"rendered":"http:\/\/stampcurio.com\/?post_type=product&#038;p=5809"},"modified":"2025-12-05T04:11:31","modified_gmt":"2025-12-05T03:11:31","slug":"1947-eszak-korea-agrarreform-postatiszta-negyestomb","status":"publish","type":"product","link":"https:\/\/stampcurio.com\/hu\/termek\/1947-eszak-korea-agrarreform-postatiszta-negyestomb\/","title":{"rendered":"1947 \u00c9szak-Korea &#8211; Agr\u00e1rreform postatiszta n\u00e9gyest\u00f6mb"},"content":{"rendered":"","protected":false},"excerpt":{"rendered":"<p>Enyvez\u00e9s n\u00e9lk\u00fcl, ahogy gy\u00e1rtott\u00e1k.<\/p>\n","protected":false},"featured_media":11729,"template":"","meta":[],"product_brand":[],"product_cat":[644],"product_tag":[1044,116,217,1006],"class_list":{"0":"post-5809","1":"product","2":"type-product","3":"status-publish","4":"has-post-thumbnail","6":"product_cat-eszak-korea-1st","7":"product_tag-1st-auction-hu","8":"product_tag-belyeg","9":"product_tag-tevnyomat","10":"product_tag-unsold","11":"pa_catalog_id-643","13":"first","14":"outofstock","15":"sold-individually","16":"shipping-taxable","17":"product-type-simple"},"_links":{"self":[{"href":"https:\/\/stampcurio.com\/hu\/wp-json\/wp\/v2\/product\/5809","targetHints":{"allow":["GET"]}}],"collection":[{"href":"https:\/\/stampcurio.com\/hu\/wp-json\/wp\/v2\/product"}],"about":[{"href":"https:\/\/stampcurio.com\/hu\/wp-json\/wp\/v2\/types\/product"}],"wp:featuredmedia":[{"embeddable":true,"href":"https:\/\/stampcurio.com\/hu\/wp-json\/wp\/v2\/media\/11729"}],"wp:attachment":[{"href":"https:\/\/stampcurio.com\/hu\/wp-json\/wp\/v2\/media?parent=5809"}],"wp:term":[{"taxonomy":"product_brand","embeddable":true,"href":"https:\/\/stampcurio.com\/hu\/wp-json\/wp\/v2\/product_brand?post=5809"},{"taxonomy":"product_cat","embeddable":true,"href":"https:\/\/stampcurio.com\/hu\/wp-json\/wp\/v2\/product_cat?post=5809"},{"taxonomy":"product_tag","embeddable":true,"href":"https:\/\/stampcurio.com\/hu\/wp-json\/wp\/v2\/product_tag?post=5809"}],"curies":[{"name":"wp","href":"https:\/\/api.w.org\/{rel}","templated":true}]}}