{"id":5807,"date":"2023-11-20T13:17:18","date_gmt":"2023-11-20T12:17:18","guid":{"rendered":"http:\/\/stampcurio.com\/?post_type=product&#038;p=5807"},"modified":"2025-12-05T04:11:31","modified_gmt":"2025-12-05T03:11:31","slug":"1904-erdelyi-hotelposta-hohen-rinne-ii-tipus-postatiszta-latvanyosan-ferden-vagott-darab","status":"publish","type":"product","link":"https:\/\/stampcurio.com\/hu\/termek\/1904-erdelyi-hotelposta-hohen-rinne-ii-tipus-postatiszta-latvanyosan-ferden-vagott-darab\/","title":{"rendered":"1904 Erd\u00e9lyi hotelposta HOHEN RINNE II. t\u00edpus, postatiszta ** l\u00e1tv\u00e1nyosan ferd\u00e9n v\u00e1gott darab"},"content":{"rendered":"","protected":false},"excerpt":{"rendered":"","protected":false},"featured_media":11732,"template":"","meta":[],"product_brand":[],"product_cat":[73,105],"product_tag":[1044,116,175,217],"class_list":{"0":"post-5807","1":"product","2":"type-product","3":"status-publish","4":"has-post-thumbnail","6":"product_cat-magyarorszag-1st","7":"product_cat-romania-1st","8":"product_tag-1st-auction-hu","9":"product_tag-belyeg","10":"product_tag-hotelposta","11":"product_tag-tevnyomat","12":"pa_catalog_id-642","14":"first","15":"outofstock","16":"sold-individually","17":"shipping-taxable","18":"product-type-simple"},"_links":{"self":[{"href":"https:\/\/stampcurio.com\/hu\/wp-json\/wp\/v2\/product\/5807","targetHints":{"allow":["GET"]}}],"collection":[{"href":"https:\/\/stampcurio.com\/hu\/wp-json\/wp\/v2\/product"}],"about":[{"href":"https:\/\/stampcurio.com\/hu\/wp-json\/wp\/v2\/types\/product"}],"wp:featuredmedia":[{"embeddable":true,"href":"https:\/\/stampcurio.com\/hu\/wp-json\/wp\/v2\/media\/11732"}],"wp:attachment":[{"href":"https:\/\/stampcurio.com\/hu\/wp-json\/wp\/v2\/media?parent=5807"}],"wp:term":[{"taxonomy":"product_brand","embeddable":true,"href":"https:\/\/stampcurio.com\/hu\/wp-json\/wp\/v2\/product_brand?post=5807"},{"taxonomy":"product_cat","embeddable":true,"href":"https:\/\/stampcurio.com\/hu\/wp-json\/wp\/v2\/product_cat?post=5807"},{"taxonomy":"product_tag","embeddable":true,"href":"https:\/\/stampcurio.com\/hu\/wp-json\/wp\/v2\/product_tag?post=5807"}],"curies":[{"name":"wp","href":"https:\/\/api.w.org\/{rel}","templated":true}]}}