{"id":5803,"date":"2023-11-20T13:13:36","date_gmt":"2023-11-20T12:13:36","guid":{"rendered":"http:\/\/stampcurio.com\/?post_type=product&#038;p=5803"},"modified":"2025-12-05T04:11:31","modified_gmt":"2025-12-05T03:11:31","slug":"1900-erdelyi-hotelposta-hohen-rinne-iii-4f-postatiszta-negyestombben-hatalmas-ivszellel","status":"publish","type":"product","link":"https:\/\/stampcurio.com\/hu\/termek\/1900-erdelyi-hotelposta-hohen-rinne-iii-4f-postatiszta-negyestombben-hatalmas-ivszellel\/","title":{"rendered":"1900 Erd\u00e9lyi hotelposta &#8211; HOHEN RINNE III. 4f postatiszta * n\u00e9gyest\u00f6mbben hatalmas \u00edvsz\u00e9llel"},"content":{"rendered":"","protected":false},"excerpt":{"rendered":"","protected":false},"featured_media":5593,"template":"","meta":[],"product_brand":[],"product_cat":[73,105],"product_tag":[1044,116,175],"class_list":{"0":"post-5803","1":"product","2":"type-product","3":"status-publish","4":"has-post-thumbnail","6":"product_cat-magyarorszag-1st","7":"product_cat-romania-1st","8":"product_tag-1st-auction-hu","9":"product_tag-belyeg","10":"product_tag-hotelposta","11":"pa_catalog_id-641","13":"first","14":"outofstock","15":"sold-individually","16":"shipping-taxable","17":"product-type-simple"},"_links":{"self":[{"href":"https:\/\/stampcurio.com\/hu\/wp-json\/wp\/v2\/product\/5803","targetHints":{"allow":["GET"]}}],"collection":[{"href":"https:\/\/stampcurio.com\/hu\/wp-json\/wp\/v2\/product"}],"about":[{"href":"https:\/\/stampcurio.com\/hu\/wp-json\/wp\/v2\/types\/product"}],"wp:featuredmedia":[{"embeddable":true,"href":"https:\/\/stampcurio.com\/hu\/wp-json\/wp\/v2\/media\/5593"}],"wp:attachment":[{"href":"https:\/\/stampcurio.com\/hu\/wp-json\/wp\/v2\/media?parent=5803"}],"wp:term":[{"taxonomy":"product_brand","embeddable":true,"href":"https:\/\/stampcurio.com\/hu\/wp-json\/wp\/v2\/product_brand?post=5803"},{"taxonomy":"product_cat","embeddable":true,"href":"https:\/\/stampcurio.com\/hu\/wp-json\/wp\/v2\/product_cat?post=5803"},{"taxonomy":"product_tag","embeddable":true,"href":"https:\/\/stampcurio.com\/hu\/wp-json\/wp\/v2\/product_tag?post=5803"}],"curies":[{"name":"wp","href":"https:\/\/api.w.org\/{rel}","templated":true}]}}