{"id":5793,"date":"2023-11-20T12:37:41","date_gmt":"2023-11-20T11:37:41","guid":{"rendered":"http:\/\/stampcurio.com\/?post_type=product&#038;p=5793"},"modified":"2025-12-05T04:11:33","modified_gmt":"2025-12-05T03:11:33","slug":"1911-erdelyi-hotelposta-magura-ii-4-filler-boritek-kivagason-a-legritkabb-magura-belyeg","status":"publish","type":"product","link":"https:\/\/stampcurio.com\/hu\/termek\/1911-erdelyi-hotelposta-magura-ii-4-filler-boritek-kivagason-a-legritkabb-magura-belyeg\/","title":{"rendered":"1911 Erd\u00e9lyi hotelposta &#8211; MAGURA II. 4 fill\u00e9r bor\u00edt\u00e9k kiv\u00e1g\u00e1son, a legritk\u00e1bb Magura b\u00e9lyeg"},"content":{"rendered":"","protected":false},"excerpt":{"rendered":"","protected":false},"featured_media":5575,"template":"","meta":[],"product_brand":[],"product_cat":[73,105],"product_tag":[1044,116,175],"class_list":{"0":"post-5793","1":"product","2":"type-product","3":"status-publish","4":"has-post-thumbnail","6":"product_cat-magyarorszag-1st","7":"product_cat-romania-1st","8":"product_tag-1st-auction-hu","9":"product_tag-belyeg","10":"product_tag-hotelposta","11":"pa_catalog_id-638","13":"first","14":"outofstock","15":"sold-individually","16":"shipping-taxable","17":"product-type-simple"},"_links":{"self":[{"href":"https:\/\/stampcurio.com\/hu\/wp-json\/wp\/v2\/product\/5793","targetHints":{"allow":["GET"]}}],"collection":[{"href":"https:\/\/stampcurio.com\/hu\/wp-json\/wp\/v2\/product"}],"about":[{"href":"https:\/\/stampcurio.com\/hu\/wp-json\/wp\/v2\/types\/product"}],"wp:featuredmedia":[{"embeddable":true,"href":"https:\/\/stampcurio.com\/hu\/wp-json\/wp\/v2\/media\/5575"}],"wp:attachment":[{"href":"https:\/\/stampcurio.com\/hu\/wp-json\/wp\/v2\/media?parent=5793"}],"wp:term":[{"taxonomy":"product_brand","embeddable":true,"href":"https:\/\/stampcurio.com\/hu\/wp-json\/wp\/v2\/product_brand?post=5793"},{"taxonomy":"product_cat","embeddable":true,"href":"https:\/\/stampcurio.com\/hu\/wp-json\/wp\/v2\/product_cat?post=5793"},{"taxonomy":"product_tag","embeddable":true,"href":"https:\/\/stampcurio.com\/hu\/wp-json\/wp\/v2\/product_tag?post=5793"}],"curies":[{"name":"wp","href":"https:\/\/api.w.org\/{rel}","templated":true}]}}