{"id":5656,"date":"2023-11-20T12:34:28","date_gmt":"2023-11-20T11:34:28","guid":{"rendered":"http:\/\/stampcurio.com\/?post_type=product&#038;p=5656"},"modified":"2025-12-05T04:11:33","modified_gmt":"2025-12-05T03:11:33","slug":"1907-erdelyi-hotelposta-bistra-johann-rilki-lila-belyegzojevel-kivagason","status":"publish","type":"product","link":"https:\/\/stampcurio.com\/hu\/termek\/1907-erdelyi-hotelposta-bistra-johann-rilki-lila-belyegzojevel-kivagason\/","title":{"rendered":"1907 Erd\u00e9lyi hotelposta &#8211; BISTRA \/ Johann Rilki lila b\u00e9lyegz\u0151j\u00e9vel kiv\u00e1g\u00e1son"},"content":{"rendered":"","protected":false},"excerpt":{"rendered":"","protected":false},"featured_media":11674,"template":"","meta":[],"product_brand":[],"product_cat":[73,105],"product_tag":[1044,116,175,67],"class_list":{"0":"post-5656","1":"product","2":"type-product","3":"status-publish","4":"has-post-thumbnail","6":"product_cat-magyarorszag-1st","7":"product_cat-romania-1st","8":"product_tag-1st-auction-hu","9":"product_tag-belyeg","10":"product_tag-hotelposta","11":"product_tag-marcofilatelia","12":"pa_catalog_id-637","14":"first","15":"outofstock","16":"sold-individually","17":"shipping-taxable","18":"product-type-simple"},"_links":{"self":[{"href":"https:\/\/stampcurio.com\/hu\/wp-json\/wp\/v2\/product\/5656","targetHints":{"allow":["GET"]}}],"collection":[{"href":"https:\/\/stampcurio.com\/hu\/wp-json\/wp\/v2\/product"}],"about":[{"href":"https:\/\/stampcurio.com\/hu\/wp-json\/wp\/v2\/types\/product"}],"wp:featuredmedia":[{"embeddable":true,"href":"https:\/\/stampcurio.com\/hu\/wp-json\/wp\/v2\/media\/11674"}],"wp:attachment":[{"href":"https:\/\/stampcurio.com\/hu\/wp-json\/wp\/v2\/media?parent=5656"}],"wp:term":[{"taxonomy":"product_brand","embeddable":true,"href":"https:\/\/stampcurio.com\/hu\/wp-json\/wp\/v2\/product_brand?post=5656"},{"taxonomy":"product_cat","embeddable":true,"href":"https:\/\/stampcurio.com\/hu\/wp-json\/wp\/v2\/product_cat?post=5656"},{"taxonomy":"product_tag","embeddable":true,"href":"https:\/\/stampcurio.com\/hu\/wp-json\/wp\/v2\/product_tag?post=5656"}],"curies":[{"name":"wp","href":"https:\/\/api.w.org\/{rel}","templated":true}]}}