{"id":5541,"date":"2023-11-20T00:40:43","date_gmt":"2023-11-19T23:40:43","guid":{"rendered":"http:\/\/stampcurio.com\/?post_type=product&#038;p=5541"},"modified":"2025-12-05T04:11:33","modified_gmt":"2025-12-05T03:11:33","slug":"1904-turul-12f-postatiszta-negyes-tomb-a2-vizjel-allas-phu-13-600-ft","status":"publish","type":"product","link":"https:\/\/stampcurio.com\/hu\/termek\/1904-turul-12f-postatiszta-negyes-tomb-a2-vizjel-allas-phu-13-600-ft\/","title":{"rendered":"1904 Turul 12f postatiszta ** n\u00e9gyes t\u00f6mb, A2 v\u00edzjel \u00e1ll\u00e1s &#8211; PHu 13.600 Ft"},"content":{"rendered":"","protected":false},"excerpt":{"rendered":"","protected":false},"featured_media":11695,"template":"","meta":[],"product_brand":[],"product_cat":[73],"product_tag":[1044,116],"class_list":{"0":"post-5541","1":"product","2":"type-product","3":"status-publish","4":"has-post-thumbnail","6":"product_cat-magyarorszag-1st","7":"product_tag-1st-auction-hu","8":"product_tag-belyeg","9":"pa_catalog_id-636","11":"first","12":"outofstock","13":"sold-individually","14":"shipping-taxable","15":"product-type-simple"},"_links":{"self":[{"href":"https:\/\/stampcurio.com\/hu\/wp-json\/wp\/v2\/product\/5541","targetHints":{"allow":["GET"]}}],"collection":[{"href":"https:\/\/stampcurio.com\/hu\/wp-json\/wp\/v2\/product"}],"about":[{"href":"https:\/\/stampcurio.com\/hu\/wp-json\/wp\/v2\/types\/product"}],"wp:featuredmedia":[{"embeddable":true,"href":"https:\/\/stampcurio.com\/hu\/wp-json\/wp\/v2\/media\/11695"}],"wp:attachment":[{"href":"https:\/\/stampcurio.com\/hu\/wp-json\/wp\/v2\/media?parent=5541"}],"wp:term":[{"taxonomy":"product_brand","embeddable":true,"href":"https:\/\/stampcurio.com\/hu\/wp-json\/wp\/v2\/product_brand?post=5541"},{"taxonomy":"product_cat","embeddable":true,"href":"https:\/\/stampcurio.com\/hu\/wp-json\/wp\/v2\/product_cat?post=5541"},{"taxonomy":"product_tag","embeddable":true,"href":"https:\/\/stampcurio.com\/hu\/wp-json\/wp\/v2\/product_tag?post=5541"}],"curies":[{"name":"wp","href":"https:\/\/api.w.org\/{rel}","templated":true}]}}