{"id":5539,"date":"2023-11-20T00:33:57","date_gmt":"2023-11-19T23:33:57","guid":{"rendered":"http:\/\/stampcurio.com\/?post_type=product&#038;p=5539"},"modified":"2025-12-05T04:11:34","modified_gmt":"2025-12-05T03:11:34","slug":"1904-turul-10f-postatiszta-hatostomb-a2-vizjel-allas-phu-44-000-ft","status":"publish","type":"product","link":"https:\/\/stampcurio.com\/hu\/termek\/1904-turul-10f-postatiszta-hatostomb-a2-vizjel-allas-phu-44-000-ft\/","title":{"rendered":"1904 Turul 10f postatiszta ** hatost\u00f6mb, A2 v\u00edzjel \u00e1ll\u00e1s PHu: 44.000 Ft"},"content":{"rendered":"","protected":false},"excerpt":{"rendered":"<p>Visszintessen p\u00e1r elv\u00e1lt fog.<\/p>\n","protected":false},"featured_media":5449,"template":"","meta":[],"product_brand":[],"product_cat":[73],"product_tag":[1044,116,1008],"class_list":{"0":"post-5539","1":"product","2":"type-product","3":"status-publish","4":"has-post-thumbnail","6":"product_cat-magyarorszag-1st","7":"product_tag-1st-auction-hu","8":"product_tag-belyeg","9":"product_tag-ebay","10":"pa_catalog_id-635","12":"first","13":"outofstock","14":"sold-individually","15":"shipping-taxable","16":"product-type-simple"},"_links":{"self":[{"href":"https:\/\/stampcurio.com\/hu\/wp-json\/wp\/v2\/product\/5539","targetHints":{"allow":["GET"]}}],"collection":[{"href":"https:\/\/stampcurio.com\/hu\/wp-json\/wp\/v2\/product"}],"about":[{"href":"https:\/\/stampcurio.com\/hu\/wp-json\/wp\/v2\/types\/product"}],"wp:featuredmedia":[{"embeddable":true,"href":"https:\/\/stampcurio.com\/hu\/wp-json\/wp\/v2\/media\/5449"}],"wp:attachment":[{"href":"https:\/\/stampcurio.com\/hu\/wp-json\/wp\/v2\/media?parent=5539"}],"wp:term":[{"taxonomy":"product_brand","embeddable":true,"href":"https:\/\/stampcurio.com\/hu\/wp-json\/wp\/v2\/product_brand?post=5539"},{"taxonomy":"product_cat","embeddable":true,"href":"https:\/\/stampcurio.com\/hu\/wp-json\/wp\/v2\/product_cat?post=5539"},{"taxonomy":"product_tag","embeddable":true,"href":"https:\/\/stampcurio.com\/hu\/wp-json\/wp\/v2\/product_tag?post=5539"}],"curies":[{"name":"wp","href":"https:\/\/api.w.org\/{rel}","templated":true}]}}