{"id":5529,"date":"2023-11-20T00:26:56","date_gmt":"2023-11-19T23:26:56","guid":{"rendered":"http:\/\/stampcurio.com\/?post_type=product&#038;p=5529"},"modified":"2025-12-05T04:11:35","modified_gmt":"2025-12-05T03:11:35","slug":"1900-turul-a-rendkivul-ritka-3f-postatiszta-fuggoleges-vagott-ivszeli-postatiszta-par-b2-vizjel-allas","status":"publish","type":"product","link":"https:\/\/stampcurio.com\/hu\/termek\/1900-turul-a-rendkivul-ritka-3f-postatiszta-fuggoleges-vagott-ivszeli-postatiszta-par-b2-vizjel-allas\/","title":{"rendered":"1900 Turul a rendk\u00edv\u00fcl ritka 3f postatiszta f\u00fcgg\u0151leges v\u00e1gott \u00edvsz\u00e9li postatiszta ** p\u00e1r, B2 v\u00edzjel \u00e1ll\u00e1s"},"content":{"rendered":"","protected":false},"excerpt":{"rendered":"<p>A v\u00edzjel ment\u00e9n a pap\u00edr \u00e1ttetsz\u0151 egy darabon esz a k\u00e9pen szakad\u00e1snak l\u00e1tsz\u00f3dik, de nem az. Az \u00e1ra ez\u00e9rt m\u00e9rs\u00e9kelt a ritkas\u00e1g\u00e1hoz viszony\u00edtva.<\/p>\n","protected":false},"featured_media":5517,"template":"","meta":[],"product_brand":[],"product_cat":[73],"product_tag":[1044,116,1008,176],"class_list":{"0":"post-5529","1":"product","2":"type-product","3":"status-publish","4":"has-post-thumbnail","6":"product_cat-magyarorszag-1st","7":"product_tag-1st-auction-hu","8":"product_tag-belyeg","9":"product_tag-ebay","10":"product_tag-philagem","11":"pa_catalog_id-633","13":"first","14":"outofstock","15":"sold-individually","16":"shipping-taxable","17":"product-type-simple"},"_links":{"self":[{"href":"https:\/\/stampcurio.com\/hu\/wp-json\/wp\/v2\/product\/5529","targetHints":{"allow":["GET"]}}],"collection":[{"href":"https:\/\/stampcurio.com\/hu\/wp-json\/wp\/v2\/product"}],"about":[{"href":"https:\/\/stampcurio.com\/hu\/wp-json\/wp\/v2\/types\/product"}],"wp:featuredmedia":[{"embeddable":true,"href":"https:\/\/stampcurio.com\/hu\/wp-json\/wp\/v2\/media\/5517"}],"wp:attachment":[{"href":"https:\/\/stampcurio.com\/hu\/wp-json\/wp\/v2\/media?parent=5529"}],"wp:term":[{"taxonomy":"product_brand","embeddable":true,"href":"https:\/\/stampcurio.com\/hu\/wp-json\/wp\/v2\/product_brand?post=5529"},{"taxonomy":"product_cat","embeddable":true,"href":"https:\/\/stampcurio.com\/hu\/wp-json\/wp\/v2\/product_cat?post=5529"},{"taxonomy":"product_tag","embeddable":true,"href":"https:\/\/stampcurio.com\/hu\/wp-json\/wp\/v2\/product_tag?post=5529"}],"curies":[{"name":"wp","href":"https:\/\/api.w.org\/{rel}","templated":true}]}}