{"id":5507,"date":"2023-11-20T00:16:31","date_gmt":"2023-11-19T23:16:31","guid":{"rendered":"http:\/\/stampcurio.com\/?post_type=product&#038;p=5507"},"modified":"2025-12-05T04:11:35","modified_gmt":"2025-12-05T03:11:35","slug":"1900-turul-3k-postatiszta-fuggoleges-vagott-ivszeli-postatiszta-par","status":"publish","type":"product","link":"https:\/\/stampcurio.com\/hu\/termek\/1900-turul-3k-postatiszta-fuggoleges-vagott-ivszeli-postatiszta-par\/","title":{"rendered":"1900 Turul 3K postatiszta f\u00fcgg\u0151leges v\u00e1gott \u00edvsz\u00e9li postatiszta ** p\u00e1r"},"content":{"rendered":"","protected":false},"excerpt":{"rendered":"","protected":false},"featured_media":5503,"template":"","meta":[],"product_brand":[],"product_cat":[73],"product_tag":[1044,116,1008,176],"class_list":{"0":"post-5507","1":"product","2":"type-product","3":"status-publish","4":"has-post-thumbnail","6":"product_cat-magyarorszag-1st","7":"product_tag-1st-auction-hu","8":"product_tag-belyeg","9":"product_tag-ebay","10":"product_tag-philagem","11":"pa_catalog_id-631","13":"first","14":"outofstock","15":"sold-individually","16":"shipping-taxable","17":"product-type-simple"},"_links":{"self":[{"href":"https:\/\/stampcurio.com\/hu\/wp-json\/wp\/v2\/product\/5507","targetHints":{"allow":["GET"]}}],"collection":[{"href":"https:\/\/stampcurio.com\/hu\/wp-json\/wp\/v2\/product"}],"about":[{"href":"https:\/\/stampcurio.com\/hu\/wp-json\/wp\/v2\/types\/product"}],"wp:featuredmedia":[{"embeddable":true,"href":"https:\/\/stampcurio.com\/hu\/wp-json\/wp\/v2\/media\/5503"}],"wp:attachment":[{"href":"https:\/\/stampcurio.com\/hu\/wp-json\/wp\/v2\/media?parent=5507"}],"wp:term":[{"taxonomy":"product_brand","embeddable":true,"href":"https:\/\/stampcurio.com\/hu\/wp-json\/wp\/v2\/product_brand?post=5507"},{"taxonomy":"product_cat","embeddable":true,"href":"https:\/\/stampcurio.com\/hu\/wp-json\/wp\/v2\/product_cat?post=5507"},{"taxonomy":"product_tag","embeddable":true,"href":"https:\/\/stampcurio.com\/hu\/wp-json\/wp\/v2\/product_tag?post=5507"}],"curies":[{"name":"wp","href":"https:\/\/api.w.org\/{rel}","templated":true}]}}