{"id":5487,"date":"2023-11-20T00:02:58","date_gmt":"2023-11-19T23:02:58","guid":{"rendered":"http:\/\/stampcurio.com\/?post_type=product&#038;p=5487"},"modified":"2025-12-05T04:11:36","modified_gmt":"2025-12-05T03:11:36","slug":"1900-turul-ket-1-k-ertek-115-fogazattal-stan-es-pan-meretekben-phu-16-000-ft","status":"publish","type":"product","link":"https:\/\/stampcurio.com\/hu\/termek\/1900-turul-ket-1-k-ertek-115-fogazattal-stan-es-pan-meretekben-phu-16-000-ft\/","title":{"rendered":"1900 Turul k\u00e9t 1 K \u00e9rt\u00e9k 11,5 fogazattal &#8211; &#8220;Stan \u00e9s Pan&#8221; m\u00e9retekben PHu 16.000 Ft"},"content":{"rendered":"","protected":false},"excerpt":{"rendered":"","protected":false},"featured_media":5490,"template":"","meta":[],"product_brand":[],"product_cat":[73],"product_tag":[1044,116],"class_list":{"0":"post-5487","1":"product","2":"type-product","3":"status-publish","4":"has-post-thumbnail","6":"product_cat-magyarorszag-1st","7":"product_tag-1st-auction-hu","8":"product_tag-belyeg","9":"pa_catalog_id-629","11":"first","12":"outofstock","13":"sold-individually","14":"shipping-taxable","15":"product-type-simple"},"_links":{"self":[{"href":"https:\/\/stampcurio.com\/hu\/wp-json\/wp\/v2\/product\/5487","targetHints":{"allow":["GET"]}}],"collection":[{"href":"https:\/\/stampcurio.com\/hu\/wp-json\/wp\/v2\/product"}],"about":[{"href":"https:\/\/stampcurio.com\/hu\/wp-json\/wp\/v2\/types\/product"}],"wp:featuredmedia":[{"embeddable":true,"href":"https:\/\/stampcurio.com\/hu\/wp-json\/wp\/v2\/media\/5490"}],"wp:attachment":[{"href":"https:\/\/stampcurio.com\/hu\/wp-json\/wp\/v2\/media?parent=5487"}],"wp:term":[{"taxonomy":"product_brand","embeddable":true,"href":"https:\/\/stampcurio.com\/hu\/wp-json\/wp\/v2\/product_brand?post=5487"},{"taxonomy":"product_cat","embeddable":true,"href":"https:\/\/stampcurio.com\/hu\/wp-json\/wp\/v2\/product_cat?post=5487"},{"taxonomy":"product_tag","embeddable":true,"href":"https:\/\/stampcurio.com\/hu\/wp-json\/wp\/v2\/product_tag?post=5487"}],"curies":[{"name":"wp","href":"https:\/\/api.w.org\/{rel}","templated":true}]}}