{"id":5484,"date":"2023-11-19T23:57:46","date_gmt":"2023-11-19T22:57:46","guid":{"rendered":"http:\/\/stampcurio.com\/?post_type=product&#038;p=5484"},"modified":"2025-12-05T04:11:37","modified_gmt":"2025-12-05T03:11:37","slug":"1909-turul-1f-postatiszta-hatoldali-reklam-nyomassal-diana-sosborszesz","status":"publish","type":"product","link":"https:\/\/stampcurio.com\/hu\/termek\/1909-turul-1f-postatiszta-hatoldali-reklam-nyomassal-diana-sosborszesz\/","title":{"rendered":"1909 Turul 1f postatiszta * h\u00e1toldali rekl\u00e1m nyom\u00e1ssal DIANA  S\u00d3SBORSZESZ"},"content":{"rendered":"","protected":false},"excerpt":{"rendered":"<p>A v\u00e9g\u00fcl kiad\u00e1sra nem ker\u00fclt rekl\u00e1mnyom\u00e1s\u00fa b\u00e9lyeg, 10 f\u00e9le h\u00e1toldali nyom\u00e1ssal ismert.<\/p>\n","protected":false},"featured_media":11689,"template":"","meta":[],"product_brand":[],"product_cat":[73],"product_tag":[1044,116,390,75],"class_list":{"0":"post-5484","1":"product","2":"type-product","3":"status-publish","4":"has-post-thumbnail","6":"product_cat-magyarorszag-1st","7":"product_tag-1st-auction-hu","8":"product_tag-belyeg","9":"product_tag-probanyomat","10":"product_tag-reklam","11":"pa_catalog_id-627","13":"first","14":"outofstock","15":"sold-individually","16":"shipping-taxable","17":"product-type-simple"},"_links":{"self":[{"href":"https:\/\/stampcurio.com\/hu\/wp-json\/wp\/v2\/product\/5484","targetHints":{"allow":["GET"]}}],"collection":[{"href":"https:\/\/stampcurio.com\/hu\/wp-json\/wp\/v2\/product"}],"about":[{"href":"https:\/\/stampcurio.com\/hu\/wp-json\/wp\/v2\/types\/product"}],"wp:featuredmedia":[{"embeddable":true,"href":"https:\/\/stampcurio.com\/hu\/wp-json\/wp\/v2\/media\/11689"}],"wp:attachment":[{"href":"https:\/\/stampcurio.com\/hu\/wp-json\/wp\/v2\/media?parent=5484"}],"wp:term":[{"taxonomy":"product_brand","embeddable":true,"href":"https:\/\/stampcurio.com\/hu\/wp-json\/wp\/v2\/product_brand?post=5484"},{"taxonomy":"product_cat","embeddable":true,"href":"https:\/\/stampcurio.com\/hu\/wp-json\/wp\/v2\/product_cat?post=5484"},{"taxonomy":"product_tag","embeddable":true,"href":"https:\/\/stampcurio.com\/hu\/wp-json\/wp\/v2\/product_tag?post=5484"}],"curies":[{"name":"wp","href":"https:\/\/api.w.org\/{rel}","templated":true}]}}