{"id":5482,"date":"2023-11-19T23:54:23","date_gmt":"2023-11-19T22:54:23","guid":{"rendered":"http:\/\/stampcurio.com\/?post_type=product&#038;p=5482"},"modified":"2025-12-05T04:11:37","modified_gmt":"2025-12-05T03:11:37","slug":"1900-turul-10f-vagott-ivszeles-postatiszta","status":"publish","type":"product","link":"https:\/\/stampcurio.com\/hu\/termek\/1900-turul-10f-vagott-ivszeles-postatiszta\/","title":{"rendered":"1900 Turul 10f v\u00e1gott \u00edvsz\u00e9les postatiszta *"},"content":{"rendered":"","protected":false},"excerpt":{"rendered":"","protected":false},"featured_media":11686,"template":"","meta":[],"product_brand":[],"product_cat":[73],"product_tag":[1044,116,176],"class_list":{"0":"post-5482","1":"product","2":"type-product","3":"status-publish","4":"has-post-thumbnail","6":"product_cat-magyarorszag-1st","7":"product_tag-1st-auction-hu","8":"product_tag-belyeg","9":"product_tag-philagem","10":"pa_catalog_id-626","12":"first","13":"outofstock","14":"sold-individually","15":"shipping-taxable","16":"product-type-simple"},"_links":{"self":[{"href":"https:\/\/stampcurio.com\/hu\/wp-json\/wp\/v2\/product\/5482","targetHints":{"allow":["GET"]}}],"collection":[{"href":"https:\/\/stampcurio.com\/hu\/wp-json\/wp\/v2\/product"}],"about":[{"href":"https:\/\/stampcurio.com\/hu\/wp-json\/wp\/v2\/types\/product"}],"wp:featuredmedia":[{"embeddable":true,"href":"https:\/\/stampcurio.com\/hu\/wp-json\/wp\/v2\/media\/11686"}],"wp:attachment":[{"href":"https:\/\/stampcurio.com\/hu\/wp-json\/wp\/v2\/media?parent=5482"}],"wp:term":[{"taxonomy":"product_brand","embeddable":true,"href":"https:\/\/stampcurio.com\/hu\/wp-json\/wp\/v2\/product_brand?post=5482"},{"taxonomy":"product_cat","embeddable":true,"href":"https:\/\/stampcurio.com\/hu\/wp-json\/wp\/v2\/product_cat?post=5482"},{"taxonomy":"product_tag","embeddable":true,"href":"https:\/\/stampcurio.com\/hu\/wp-json\/wp\/v2\/product_tag?post=5482"}],"curies":[{"name":"wp","href":"https:\/\/api.w.org\/{rel}","templated":true}]}}