{"id":5479,"date":"2023-11-19T23:51:16","date_gmt":"2023-11-19T22:51:16","guid":{"rendered":"http:\/\/stampcurio.com\/?post_type=product&#038;p=5479"},"modified":"2025-12-05T04:11:38","modified_gmt":"2025-12-05T03:11:38","slug":"1900-turul-6f-vagott-par-barna-szinben-enyvezes-nelkul-b3-vizjel-allassal","status":"publish","type":"product","link":"https:\/\/stampcurio.com\/hu\/termek\/1900-turul-6f-vagott-par-barna-szinben-enyvezes-nelkul-b3-vizjel-allassal\/","title":{"rendered":"1900 Turul 6f v\u00e1gott p\u00e1r barna sz\u00ednben enyvez\u00e9s n\u00e9lk\u00fcl B3 v\u00edzjel \u00e1ll\u00e1ssal"},"content":{"rendered":"","protected":false},"excerpt":{"rendered":"","protected":false},"featured_media":11683,"template":"","meta":[],"product_brand":[],"product_cat":[73],"product_tag":[1044,116,176],"class_list":{"0":"post-5479","1":"product","2":"type-product","3":"status-publish","4":"has-post-thumbnail","6":"product_cat-magyarorszag-1st","7":"product_tag-1st-auction-hu","8":"product_tag-belyeg","9":"product_tag-philagem","10":"pa_catalog_id-625","12":"first","13":"outofstock","14":"sold-individually","15":"shipping-taxable","16":"product-type-simple"},"_links":{"self":[{"href":"https:\/\/stampcurio.com\/hu\/wp-json\/wp\/v2\/product\/5479","targetHints":{"allow":["GET"]}}],"collection":[{"href":"https:\/\/stampcurio.com\/hu\/wp-json\/wp\/v2\/product"}],"about":[{"href":"https:\/\/stampcurio.com\/hu\/wp-json\/wp\/v2\/types\/product"}],"wp:featuredmedia":[{"embeddable":true,"href":"https:\/\/stampcurio.com\/hu\/wp-json\/wp\/v2\/media\/11683"}],"wp:attachment":[{"href":"https:\/\/stampcurio.com\/hu\/wp-json\/wp\/v2\/media?parent=5479"}],"wp:term":[{"taxonomy":"product_brand","embeddable":true,"href":"https:\/\/stampcurio.com\/hu\/wp-json\/wp\/v2\/product_brand?post=5479"},{"taxonomy":"product_cat","embeddable":true,"href":"https:\/\/stampcurio.com\/hu\/wp-json\/wp\/v2\/product_cat?post=5479"},{"taxonomy":"product_tag","embeddable":true,"href":"https:\/\/stampcurio.com\/hu\/wp-json\/wp\/v2\/product_tag?post=5479"}],"curies":[{"name":"wp","href":"https:\/\/api.w.org\/{rel}","templated":true}]}}