{"id":5476,"date":"2023-11-19T23:40:06","date_gmt":"2023-11-19T22:40:06","guid":{"rendered":"http:\/\/stampcurio.com\/?post_type=product&#038;p=5476"},"modified":"2025-12-05T04:11:38","modified_gmt":"2025-12-05T03:11:38","slug":"1940-karcsava-%d0%ba%d0%b0%d1%80%d1%87%d0%b0%d0%b2%d0%b0-postai-ugynokseg-belyegzes-ruten-magyar-nyelven-pu-rrr","status":"publish","type":"product","link":"https:\/\/stampcurio.com\/hu\/termek\/1940-karcsava-%d0%ba%d0%b0%d1%80%d1%87%d0%b0%d0%b2%d0%b0-postai-ugynokseg-belyegzes-ruten-magyar-nyelven-pu-rrr\/","title":{"rendered":"1940 KARCSAVA \/ \u041a\u0410\u0420\u0427\u0410\u0412\u0410 postai \u00fcgyn\u00f6ks\u00e9g b\u00e9lyegz\u00e9s rut\u00e9n-magyar nyelven PU RRR"},"content":{"rendered":"","protected":false},"excerpt":{"rendered":"","protected":false},"featured_media":5380,"template":"","meta":[],"product_brand":[],"product_cat":[73,95],"product_tag":[1044,1005,67],"class_list":{"0":"post-5476","1":"product","2":"type-product","3":"status-publish","4":"has-post-thumbnail","6":"product_cat-magyarorszag-1st","7":"product_cat-ukrajna-1st","8":"product_tag-1st-auction-hu","9":"product_tag-carpatho-ukraine-hu","10":"product_tag-marcofilatelia","11":"pa_catalog_id-624","13":"first","14":"outofstock","15":"sold-individually","16":"shipping-taxable","17":"product-type-simple"},"_links":{"self":[{"href":"https:\/\/stampcurio.com\/hu\/wp-json\/wp\/v2\/product\/5476","targetHints":{"allow":["GET"]}}],"collection":[{"href":"https:\/\/stampcurio.com\/hu\/wp-json\/wp\/v2\/product"}],"about":[{"href":"https:\/\/stampcurio.com\/hu\/wp-json\/wp\/v2\/types\/product"}],"wp:featuredmedia":[{"embeddable":true,"href":"https:\/\/stampcurio.com\/hu\/wp-json\/wp\/v2\/media\/5380"}],"wp:attachment":[{"href":"https:\/\/stampcurio.com\/hu\/wp-json\/wp\/v2\/media?parent=5476"}],"wp:term":[{"taxonomy":"product_brand","embeddable":true,"href":"https:\/\/stampcurio.com\/hu\/wp-json\/wp\/v2\/product_brand?post=5476"},{"taxonomy":"product_cat","embeddable":true,"href":"https:\/\/stampcurio.com\/hu\/wp-json\/wp\/v2\/product_cat?post=5476"},{"taxonomy":"product_tag","embeddable":true,"href":"https:\/\/stampcurio.com\/hu\/wp-json\/wp\/v2\/product_tag?post=5476"}],"curies":[{"name":"wp","href":"https:\/\/api.w.org\/{rel}","templated":true}]}}