{"id":5474,"date":"2023-11-19T23:33:37","date_gmt":"2023-11-19T22:33:37","guid":{"rendered":"http:\/\/stampcurio.com\/?post_type=product&#038;p=5474"},"modified":"2025-12-05T04:11:38","modified_gmt":"2025-12-05T03:11:38","slug":"1900-turul-1f-negyestomb-ritka-piros-peterdi-fedelzeti-belyegzessel-a-del-amerikai-utrol","status":"publish","type":"product","link":"https:\/\/stampcurio.com\/hu\/termek\/1900-turul-1f-negyestomb-ritka-piros-peterdi-fedelzeti-belyegzessel-a-del-amerikai-utrol\/","title":{"rendered":"1900 Turul 1f n\u00e9gyest\u00f6mb ritka piros PETERDI fed\u00e9lzeti b\u00e9lyegz\u00e9ssel a d\u00e9l-amerikai \u00fatr\u00f3l"},"content":{"rendered":"","protected":false},"excerpt":{"rendered":"","protected":false},"featured_media":11680,"template":"","meta":[],"product_brand":[],"product_cat":[335,73],"product_tag":[1044,67],"class_list":{"0":"post-5474","1":"product","2":"type-product","3":"status-publish","4":"has-post-thumbnail","6":"product_cat-brazilia-1st","7":"product_cat-magyarorszag-1st","8":"product_tag-1st-auction-hu","9":"product_tag-marcofilatelia","10":"pa_catalog_id-623","12":"first","13":"outofstock","14":"sold-individually","15":"shipping-taxable","16":"product-type-simple"},"_links":{"self":[{"href":"https:\/\/stampcurio.com\/hu\/wp-json\/wp\/v2\/product\/5474","targetHints":{"allow":["GET"]}}],"collection":[{"href":"https:\/\/stampcurio.com\/hu\/wp-json\/wp\/v2\/product"}],"about":[{"href":"https:\/\/stampcurio.com\/hu\/wp-json\/wp\/v2\/types\/product"}],"wp:featuredmedia":[{"embeddable":true,"href":"https:\/\/stampcurio.com\/hu\/wp-json\/wp\/v2\/media\/11680"}],"wp:attachment":[{"href":"https:\/\/stampcurio.com\/hu\/wp-json\/wp\/v2\/media?parent=5474"}],"wp:term":[{"taxonomy":"product_brand","embeddable":true,"href":"https:\/\/stampcurio.com\/hu\/wp-json\/wp\/v2\/product_brand?post=5474"},{"taxonomy":"product_cat","embeddable":true,"href":"https:\/\/stampcurio.com\/hu\/wp-json\/wp\/v2\/product_cat?post=5474"},{"taxonomy":"product_tag","embeddable":true,"href":"https:\/\/stampcurio.com\/hu\/wp-json\/wp\/v2\/product_tag?post=5474"}],"curies":[{"name":"wp","href":"https:\/\/api.w.org\/{rel}","templated":true}]}}