{"id":5472,"date":"2023-11-19T23:29:11","date_gmt":"2023-11-19T22:29:11","guid":{"rendered":"http:\/\/stampcurio.com\/?post_type=product&#038;p=5472"},"modified":"2025-12-05T04:11:39","modified_gmt":"2025-12-05T03:11:39","slug":"1904-turul-2-korona-115-fogazattal-postatiszta-a1-vizjel-allassal-phu-600-000-ft","status":"publish","type":"product","link":"https:\/\/stampcurio.com\/hu\/termek\/1904-turul-2-korona-115-fogazattal-postatiszta-a1-vizjel-allassal-phu-600-000-ft\/","title":{"rendered":"1904 Turul 2 Korona 11,5 fogazattal postatiszta *, A1 v\u00edzjel \u00e1ll\u00e1ssal PHu: 600.000 Ft"},"content":{"rendered":"","protected":false},"excerpt":{"rendered":"","protected":false},"featured_media":5459,"template":"","meta":[],"product_brand":[],"product_cat":[73],"product_tag":[1044,116,1008,176],"class_list":{"0":"post-5472","1":"product","2":"type-product","3":"status-publish","4":"has-post-thumbnail","6":"product_cat-magyarorszag-1st","7":"product_tag-1st-auction-hu","8":"product_tag-belyeg","9":"product_tag-ebay","10":"product_tag-philagem","11":"pa_catalog_id-622","13":"first","14":"outofstock","15":"sold-individually","16":"shipping-taxable","17":"product-type-simple"},"_links":{"self":[{"href":"https:\/\/stampcurio.com\/hu\/wp-json\/wp\/v2\/product\/5472","targetHints":{"allow":["GET"]}}],"collection":[{"href":"https:\/\/stampcurio.com\/hu\/wp-json\/wp\/v2\/product"}],"about":[{"href":"https:\/\/stampcurio.com\/hu\/wp-json\/wp\/v2\/types\/product"}],"wp:featuredmedia":[{"embeddable":true,"href":"https:\/\/stampcurio.com\/hu\/wp-json\/wp\/v2\/media\/5459"}],"wp:attachment":[{"href":"https:\/\/stampcurio.com\/hu\/wp-json\/wp\/v2\/media?parent=5472"}],"wp:term":[{"taxonomy":"product_brand","embeddable":true,"href":"https:\/\/stampcurio.com\/hu\/wp-json\/wp\/v2\/product_brand?post=5472"},{"taxonomy":"product_cat","embeddable":true,"href":"https:\/\/stampcurio.com\/hu\/wp-json\/wp\/v2\/product_cat?post=5472"},{"taxonomy":"product_tag","embeddable":true,"href":"https:\/\/stampcurio.com\/hu\/wp-json\/wp\/v2\/product_tag?post=5472"}],"curies":[{"name":"wp","href":"https:\/\/api.w.org\/{rel}","templated":true}]}}