{"id":5466,"date":"2023-11-19T23:24:59","date_gmt":"2023-11-19T22:24:59","guid":{"rendered":"http:\/\/stampcurio.com\/?post_type=product&#038;p=5466"},"modified":"2025-12-05T04:11:39","modified_gmt":"2025-12-05T03:11:39","slug":"1922-lila-hirlapbelyeg-kivagason-mbk-20-50-pont","status":"publish","type":"product","link":"https:\/\/stampcurio.com\/hu\/termek\/1922-lila-hirlapbelyeg-kivagason-mbk-20-50-pont\/","title":{"rendered":"1922 lila h\u00edrlapb\u00e9lyeg kiv\u00e1g\u00e1son MBK 20-50 pont"},"content":{"rendered":"","protected":false},"excerpt":{"rendered":"<p>A lila b\u00e9lyeg c\u00edmszallagon nagy ritkas\u00e1g de m\u00e9g kiv\u00e1g\u00e1son is ritk\u00e1n l\u00e1that\u00f3.<\/p>\n","protected":false},"featured_media":5362,"template":"","meta":[],"product_brand":[],"product_cat":[73],"product_tag":[1044,116,67],"class_list":{"0":"post-5466","1":"product","2":"type-product","3":"status-publish","4":"has-post-thumbnail","6":"product_cat-magyarorszag-1st","7":"product_tag-1st-auction-hu","8":"product_tag-belyeg","9":"product_tag-marcofilatelia","10":"pa_catalog_id-621","12":"first","13":"outofstock","14":"sold-individually","15":"shipping-taxable","16":"product-type-simple"},"_links":{"self":[{"href":"https:\/\/stampcurio.com\/hu\/wp-json\/wp\/v2\/product\/5466","targetHints":{"allow":["GET"]}}],"collection":[{"href":"https:\/\/stampcurio.com\/hu\/wp-json\/wp\/v2\/product"}],"about":[{"href":"https:\/\/stampcurio.com\/hu\/wp-json\/wp\/v2\/types\/product"}],"wp:featuredmedia":[{"embeddable":true,"href":"https:\/\/stampcurio.com\/hu\/wp-json\/wp\/v2\/media\/5362"}],"wp:attachment":[{"href":"https:\/\/stampcurio.com\/hu\/wp-json\/wp\/v2\/media?parent=5466"}],"wp:term":[{"taxonomy":"product_brand","embeddable":true,"href":"https:\/\/stampcurio.com\/hu\/wp-json\/wp\/v2\/product_brand?post=5466"},{"taxonomy":"product_cat","embeddable":true,"href":"https:\/\/stampcurio.com\/hu\/wp-json\/wp\/v2\/product_cat?post=5466"},{"taxonomy":"product_tag","embeddable":true,"href":"https:\/\/stampcurio.com\/hu\/wp-json\/wp\/v2\/product_tag?post=5466"}],"curies":[{"name":"wp","href":"https:\/\/api.w.org\/{rel}","templated":true}]}}