{"id":5465,"date":"2023-11-19T23:17:19","date_gmt":"2023-11-19T22:17:19","guid":{"rendered":"http:\/\/stampcurio.com\/?post_type=product&#038;p=5465"},"modified":"2025-12-05T04:11:40","modified_gmt":"2025-12-05T03:11:40","slug":"1900-turul-5-korona-115-fogazattal-szep-szeles-meretben-a-magyar-filatelia-egyik-nagy-ritkasaga","status":"publish","type":"product","link":"https:\/\/stampcurio.com\/hu\/termek\/1900-turul-5-korona-115-fogazattal-szep-szeles-meretben-a-magyar-filatelia-egyik-nagy-ritkasaga\/","title":{"rendered":"1900 Turul 5 Korona 11,5 fogazattal sz\u00e9p sz\u00e9les m\u00e9retben &#8211; a magyar filat\u00e9lia egyik nagy ritkas\u00e1ga"},"content":{"rendered":"","protected":false},"excerpt":{"rendered":"<p>Szolid f\u00fcgg\u0151leges hajt\u00e1snyom. A fogazat eredetis\u00e9g\u00e9hez nem f\u00e9rhet k\u00e9ts\u00e9g, tekintettel a b\u00e9lyeg sz\u00e9less\u00e9g\u00e9re.<\/p>\n","protected":false},"featured_media":5452,"template":"","meta":[],"product_brand":[],"product_cat":[73],"product_tag":[1044,116,1008,176],"class_list":{"0":"post-5465","1":"product","2":"type-product","3":"status-publish","4":"has-post-thumbnail","6":"product_cat-magyarorszag-1st","7":"product_tag-1st-auction-hu","8":"product_tag-belyeg","9":"product_tag-ebay","10":"product_tag-philagem","11":"pa_catalog_id-620","13":"first","14":"outofstock","15":"sold-individually","16":"shipping-taxable","17":"product-type-simple"},"_links":{"self":[{"href":"https:\/\/stampcurio.com\/hu\/wp-json\/wp\/v2\/product\/5465","targetHints":{"allow":["GET"]}}],"collection":[{"href":"https:\/\/stampcurio.com\/hu\/wp-json\/wp\/v2\/product"}],"about":[{"href":"https:\/\/stampcurio.com\/hu\/wp-json\/wp\/v2\/types\/product"}],"wp:featuredmedia":[{"embeddable":true,"href":"https:\/\/stampcurio.com\/hu\/wp-json\/wp\/v2\/media\/5452"}],"wp:attachment":[{"href":"https:\/\/stampcurio.com\/hu\/wp-json\/wp\/v2\/media?parent=5465"}],"wp:term":[{"taxonomy":"product_brand","embeddable":true,"href":"https:\/\/stampcurio.com\/hu\/wp-json\/wp\/v2\/product_brand?post=5465"},{"taxonomy":"product_cat","embeddable":true,"href":"https:\/\/stampcurio.com\/hu\/wp-json\/wp\/v2\/product_cat?post=5465"},{"taxonomy":"product_tag","embeddable":true,"href":"https:\/\/stampcurio.com\/hu\/wp-json\/wp\/v2\/product_tag?post=5465"}],"curies":[{"name":"wp","href":"https:\/\/api.w.org\/{rel}","templated":true}]}}