{"id":5463,"date":"2023-11-19T23:10:33","date_gmt":"2023-11-19T22:10:33","guid":{"rendered":"http:\/\/stampcurio.com\/?post_type=product&#038;p=5463"},"modified":"2025-12-05T04:11:40","modified_gmt":"2025-12-05T03:11:40","slug":"1909-turul-petervarad-petrovaradin-1-ketnyelvu-gyujto-postahely-belyegzes-pu-rr","status":"publish","type":"product","link":"https:\/\/stampcurio.com\/hu\/termek\/1909-turul-petervarad-petrovaradin-1-ketnyelvu-gyujto-postahely-belyegzes-pu-rr\/","title":{"rendered":"1909 Turul P\u00c9TERV\u00c1RAD \/ PETROVARADIN \/ 1 k\u00e9tnyelv\u0171 gy\u00fcjt\u0151 postahely b\u00e9lyegz\u00e9s PU RR"},"content":{"rendered":"","protected":false},"excerpt":{"rendered":"","protected":false},"featured_media":11650,"template":"","meta":[],"product_brand":[],"product_cat":[73,135],"product_tag":[1044,116,67],"class_list":{"0":"post-5463","1":"product","2":"type-product","3":"status-publish","4":"has-post-thumbnail","6":"product_cat-magyarorszag-1st","7":"product_cat-szerbia-1st","8":"product_tag-1st-auction-hu","9":"product_tag-belyeg","10":"product_tag-marcofilatelia","11":"pa_catalog_id-619","13":"first","14":"outofstock","15":"sold-individually","16":"shipping-taxable","17":"product-type-simple"},"_links":{"self":[{"href":"https:\/\/stampcurio.com\/hu\/wp-json\/wp\/v2\/product\/5463","targetHints":{"allow":["GET"]}}],"collection":[{"href":"https:\/\/stampcurio.com\/hu\/wp-json\/wp\/v2\/product"}],"about":[{"href":"https:\/\/stampcurio.com\/hu\/wp-json\/wp\/v2\/types\/product"}],"wp:featuredmedia":[{"embeddable":true,"href":"https:\/\/stampcurio.com\/hu\/wp-json\/wp\/v2\/media\/11650"}],"wp:attachment":[{"href":"https:\/\/stampcurio.com\/hu\/wp-json\/wp\/v2\/media?parent=5463"}],"wp:term":[{"taxonomy":"product_brand","embeddable":true,"href":"https:\/\/stampcurio.com\/hu\/wp-json\/wp\/v2\/product_brand?post=5463"},{"taxonomy":"product_cat","embeddable":true,"href":"https:\/\/stampcurio.com\/hu\/wp-json\/wp\/v2\/product_cat?post=5463"},{"taxonomy":"product_tag","embeddable":true,"href":"https:\/\/stampcurio.com\/hu\/wp-json\/wp\/v2\/product_tag?post=5463"}],"curies":[{"name":"wp","href":"https:\/\/api.w.org\/{rel}","templated":true}]}}