{"id":5458,"date":"2023-11-19T23:06:55","date_gmt":"2023-11-19T22:06:55","guid":{"rendered":"http:\/\/stampcurio.com\/?post_type=product&#038;p=5458"},"modified":"2025-12-05T04:11:41","modified_gmt":"2025-12-05T03:11:41","slug":"1909-turul-kalmand-postai-ugynokseg-belyegzes-pu-500-pont","status":"publish","type":"product","link":"https:\/\/stampcurio.com\/hu\/termek\/1909-turul-kalmand-postai-ugynokseg-belyegzes-pu-500-pont\/","title":{"rendered":"1909 turul K\u00c1LM\u00c1ND postai \u00fcgyn\u00f6ks\u00e9g b\u00e9lyegz\u00e9s PU 500 pont"},"content":{"rendered":"","protected":false},"excerpt":{"rendered":"","protected":false},"featured_media":11645,"template":"","meta":[],"product_brand":[],"product_cat":[73,105],"product_tag":[1044,116,67],"class_list":{"0":"post-5458","1":"product","2":"type-product","3":"status-publish","4":"has-post-thumbnail","6":"product_cat-magyarorszag-1st","7":"product_cat-romania-1st","8":"product_tag-1st-auction-hu","9":"product_tag-belyeg","10":"product_tag-marcofilatelia","11":"pa_catalog_id-618","13":"first","14":"outofstock","15":"sold-individually","16":"shipping-taxable","17":"product-type-simple"},"_links":{"self":[{"href":"https:\/\/stampcurio.com\/hu\/wp-json\/wp\/v2\/product\/5458","targetHints":{"allow":["GET"]}}],"collection":[{"href":"https:\/\/stampcurio.com\/hu\/wp-json\/wp\/v2\/product"}],"about":[{"href":"https:\/\/stampcurio.com\/hu\/wp-json\/wp\/v2\/types\/product"}],"wp:featuredmedia":[{"embeddable":true,"href":"https:\/\/stampcurio.com\/hu\/wp-json\/wp\/v2\/media\/11645"}],"wp:attachment":[{"href":"https:\/\/stampcurio.com\/hu\/wp-json\/wp\/v2\/media?parent=5458"}],"wp:term":[{"taxonomy":"product_brand","embeddable":true,"href":"https:\/\/stampcurio.com\/hu\/wp-json\/wp\/v2\/product_brand?post=5458"},{"taxonomy":"product_cat","embeddable":true,"href":"https:\/\/stampcurio.com\/hu\/wp-json\/wp\/v2\/product_cat?post=5458"},{"taxonomy":"product_tag","embeddable":true,"href":"https:\/\/stampcurio.com\/hu\/wp-json\/wp\/v2\/product_tag?post=5458"}],"curies":[{"name":"wp","href":"https:\/\/api.w.org\/{rel}","templated":true}]}}