{"id":5338,"date":"2023-11-19T22:40:35","date_gmt":"2023-11-19T21:40:35","guid":{"rendered":"http:\/\/stampcurio.com\/?post_type=product&#038;p=5338"},"modified":"2025-12-05T04:11:41","modified_gmt":"2025-12-05T03:11:41","slug":"1900-krajcaros-es-turul-vegyes-bermentesites-kivagason-szilagy-somlyo-belyegzessel","status":"publish","type":"product","link":"https:\/\/stampcurio.com\/hu\/termek\/1900-krajcaros-es-turul-vegyes-bermentesites-kivagason-szilagy-somlyo-belyegzessel\/","title":{"rendered":"1900 krajc\u00e1ros \u00e9s turul vegyes b\u00e9rmentes\u00edt\u00e9s kiv\u00e1g\u00e1son SZIL\u00c1GY- \/ SOMLY\u00d3 b\u00e9lyegz\u00e9ssel"},"content":{"rendered":"","protected":false},"excerpt":{"rendered":"","protected":false},"featured_media":11671,"template":"","meta":[],"product_brand":[],"product_cat":[73,105],"product_tag":[1044,116,67,172],"class_list":{"0":"post-5338","1":"product","2":"type-product","3":"status-publish","4":"has-post-thumbnail","6":"product_cat-magyarorszag-1st","7":"product_cat-romania-1st","8":"product_tag-1st-auction-hu","9":"product_tag-belyeg","10":"product_tag-marcofilatelia","11":"product_tag-vegyes-bermentesites","12":"pa_catalog_id-617","14":"first","15":"outofstock","16":"sold-individually","17":"shipping-taxable","18":"product-type-simple"},"_links":{"self":[{"href":"https:\/\/stampcurio.com\/hu\/wp-json\/wp\/v2\/product\/5338","targetHints":{"allow":["GET"]}}],"collection":[{"href":"https:\/\/stampcurio.com\/hu\/wp-json\/wp\/v2\/product"}],"about":[{"href":"https:\/\/stampcurio.com\/hu\/wp-json\/wp\/v2\/types\/product"}],"wp:featuredmedia":[{"embeddable":true,"href":"https:\/\/stampcurio.com\/hu\/wp-json\/wp\/v2\/media\/11671"}],"wp:attachment":[{"href":"https:\/\/stampcurio.com\/hu\/wp-json\/wp\/v2\/media?parent=5338"}],"wp:term":[{"taxonomy":"product_brand","embeddable":true,"href":"https:\/\/stampcurio.com\/hu\/wp-json\/wp\/v2\/product_brand?post=5338"},{"taxonomy":"product_cat","embeddable":true,"href":"https:\/\/stampcurio.com\/hu\/wp-json\/wp\/v2\/product_cat?post=5338"},{"taxonomy":"product_tag","embeddable":true,"href":"https:\/\/stampcurio.com\/hu\/wp-json\/wp\/v2\/product_tag?post=5338"}],"curies":[{"name":"wp","href":"https:\/\/api.w.org\/{rel}","templated":true}]}}