{"id":5336,"date":"2023-11-19T22:35:41","date_gmt":"2023-11-19T21:35:41","guid":{"rendered":"http:\/\/stampcurio.com\/?post_type=product&#038;p=5336"},"modified":"2025-12-05T04:11:42","modified_gmt":"2025-12-05T03:11:42","slug":"1867-5-kr-nadujfalu-belyegzes-gudlin-700-pont","status":"publish","type":"product","link":"https:\/\/stampcurio.com\/hu\/termek\/1867-5-kr-nadujfalu-belyegzes-gudlin-700-pont\/","title":{"rendered":"1867 5 kr N\u00c1D\u00daJFALU b\u00e9lyegz\u00e9s &#8211; Gudlin 700 pont"},"content":{"rendered":"","protected":false},"excerpt":{"rendered":"","protected":false},"featured_media":11668,"template":"","meta":[],"product_brand":[],"product_cat":[73],"product_tag":[1044,116,67],"class_list":{"0":"post-5336","1":"product","2":"type-product","3":"status-publish","4":"has-post-thumbnail","6":"product_cat-magyarorszag-1st","7":"product_tag-1st-auction-hu","8":"product_tag-belyeg","9":"product_tag-marcofilatelia","10":"pa_catalog_id-616","12":"first","13":"outofstock","14":"sold-individually","15":"shipping-taxable","16":"product-type-simple"},"_links":{"self":[{"href":"https:\/\/stampcurio.com\/hu\/wp-json\/wp\/v2\/product\/5336","targetHints":{"allow":["GET"]}}],"collection":[{"href":"https:\/\/stampcurio.com\/hu\/wp-json\/wp\/v2\/product"}],"about":[{"href":"https:\/\/stampcurio.com\/hu\/wp-json\/wp\/v2\/types\/product"}],"wp:featuredmedia":[{"embeddable":true,"href":"https:\/\/stampcurio.com\/hu\/wp-json\/wp\/v2\/media\/11668"}],"wp:attachment":[{"href":"https:\/\/stampcurio.com\/hu\/wp-json\/wp\/v2\/media?parent=5336"}],"wp:term":[{"taxonomy":"product_brand","embeddable":true,"href":"https:\/\/stampcurio.com\/hu\/wp-json\/wp\/v2\/product_brand?post=5336"},{"taxonomy":"product_cat","embeddable":true,"href":"https:\/\/stampcurio.com\/hu\/wp-json\/wp\/v2\/product_cat?post=5336"},{"taxonomy":"product_tag","embeddable":true,"href":"https:\/\/stampcurio.com\/hu\/wp-json\/wp\/v2\/product_tag?post=5336"}],"curies":[{"name":"wp","href":"https:\/\/api.w.org\/{rel}","templated":true}]}}