{"id":5333,"date":"2023-11-19T22:32:14","date_gmt":"2023-11-19T21:32:14","guid":{"rendered":"http:\/\/stampcurio.com\/?post_type=product&#038;p=5333"},"modified":"2025-12-05T04:11:42","modified_gmt":"2025-12-05T03:11:42","slug":"1871-reznyomat-5-kr-szep-kocsola-belyegzessel-gudlin-350-pont","status":"publish","type":"product","link":"https:\/\/stampcurio.com\/hu\/termek\/1871-reznyomat-5-kr-szep-kocsola-belyegzessel-gudlin-350-pont\/","title":{"rendered":"1871 r\u00e9znyomat 5 kr sz\u00e9p KOCSOLA b\u00e9lyegz\u00e9ssel \u2013 Gudlin 350 pont"},"content":{"rendered":"","protected":false},"excerpt":{"rendered":"","protected":false},"featured_media":5282,"template":"","meta":[],"product_brand":[],"product_cat":[73],"product_tag":[1044,116,67],"class_list":{"0":"post-5333","1":"product","2":"type-product","3":"status-publish","4":"has-post-thumbnail","6":"product_cat-magyarorszag-1st","7":"product_tag-1st-auction-hu","8":"product_tag-belyeg","9":"product_tag-marcofilatelia","10":"pa_catalog_id-615","12":"first","13":"outofstock","14":"sold-individually","15":"shipping-taxable","16":"product-type-simple"},"_links":{"self":[{"href":"https:\/\/stampcurio.com\/hu\/wp-json\/wp\/v2\/product\/5333","targetHints":{"allow":["GET"]}}],"collection":[{"href":"https:\/\/stampcurio.com\/hu\/wp-json\/wp\/v2\/product"}],"about":[{"href":"https:\/\/stampcurio.com\/hu\/wp-json\/wp\/v2\/types\/product"}],"wp:featuredmedia":[{"embeddable":true,"href":"https:\/\/stampcurio.com\/hu\/wp-json\/wp\/v2\/media\/5282"}],"wp:attachment":[{"href":"https:\/\/stampcurio.com\/hu\/wp-json\/wp\/v2\/media?parent=5333"}],"wp:term":[{"taxonomy":"product_brand","embeddable":true,"href":"https:\/\/stampcurio.com\/hu\/wp-json\/wp\/v2\/product_brand?post=5333"},{"taxonomy":"product_cat","embeddable":true,"href":"https:\/\/stampcurio.com\/hu\/wp-json\/wp\/v2\/product_cat?post=5333"},{"taxonomy":"product_tag","embeddable":true,"href":"https:\/\/stampcurio.com\/hu\/wp-json\/wp\/v2\/product_tag?post=5333"}],"curies":[{"name":"wp","href":"https:\/\/api.w.org\/{rel}","templated":true}]}}