{"id":5331,"date":"2023-11-19T22:29:06","date_gmt":"2023-11-19T21:29:06","guid":{"rendered":"http:\/\/stampcurio.com\/?post_type=product&#038;p=5331"},"modified":"2025-12-05T04:11:42","modified_gmt":"2025-12-05T03:11:42","slug":"1871-reznyomat-5-kr-szep-kuzmin-gyuszu-belyegzessel-gudlin-400-pont","status":"publish","type":"product","link":"https:\/\/stampcurio.com\/hu\/termek\/1871-reznyomat-5-kr-szep-kuzmin-gyuszu-belyegzessel-gudlin-400-pont\/","title":{"rendered":"1871 r\u00e9znyomat 5 kr sz\u00e9p KUZMIN gy\u0171sz\u0171 b\u00e9lyegz\u00e9ssel &#8211; Gudlin 400 pont"},"content":{"rendered":"","protected":false},"excerpt":{"rendered":"","protected":false},"featured_media":11662,"template":"","meta":[],"product_brand":[],"product_cat":[73,135],"product_tag":[1044,116,67],"class_list":{"0":"post-5331","1":"product","2":"type-product","3":"status-publish","4":"has-post-thumbnail","6":"product_cat-magyarorszag-1st","7":"product_cat-szerbia-1st","8":"product_tag-1st-auction-hu","9":"product_tag-belyeg","10":"product_tag-marcofilatelia","11":"pa_catalog_id-614","13":"first","14":"outofstock","15":"sold-individually","16":"shipping-taxable","17":"product-type-simple"},"_links":{"self":[{"href":"https:\/\/stampcurio.com\/hu\/wp-json\/wp\/v2\/product\/5331","targetHints":{"allow":["GET"]}}],"collection":[{"href":"https:\/\/stampcurio.com\/hu\/wp-json\/wp\/v2\/product"}],"about":[{"href":"https:\/\/stampcurio.com\/hu\/wp-json\/wp\/v2\/types\/product"}],"wp:featuredmedia":[{"embeddable":true,"href":"https:\/\/stampcurio.com\/hu\/wp-json\/wp\/v2\/media\/11662"}],"wp:attachment":[{"href":"https:\/\/stampcurio.com\/hu\/wp-json\/wp\/v2\/media?parent=5331"}],"wp:term":[{"taxonomy":"product_brand","embeddable":true,"href":"https:\/\/stampcurio.com\/hu\/wp-json\/wp\/v2\/product_brand?post=5331"},{"taxonomy":"product_cat","embeddable":true,"href":"https:\/\/stampcurio.com\/hu\/wp-json\/wp\/v2\/product_cat?post=5331"},{"taxonomy":"product_tag","embeddable":true,"href":"https:\/\/stampcurio.com\/hu\/wp-json\/wp\/v2\/product_tag?post=5331"}],"curies":[{"name":"wp","href":"https:\/\/api.w.org\/{rel}","templated":true}]}}