{"id":5330,"date":"2023-11-19T22:26:14","date_gmt":"2023-11-19T21:26:14","guid":{"rendered":"http:\/\/stampcurio.com\/?post_type=product&#038;p=5330"},"modified":"2025-12-05T04:11:43","modified_gmt":"2025-12-05T03:11:43","slug":"1871-reznyomat-2kr-szep-nagy-surany-belyegzessel-gudlin-200-pont","status":"publish","type":"product","link":"https:\/\/stampcurio.com\/hu\/termek\/1871-reznyomat-2kr-szep-nagy-surany-belyegzessel-gudlin-200-pont\/","title":{"rendered":"1871 r\u00e9znyomat 2kr sz\u00e9p NAGY-SUR\u00c1NY b\u00e9lyegz\u00e9ssel &#8211; Gudlin 200 pont"},"content":{"rendered":"","protected":false},"excerpt":{"rendered":"","protected":false},"featured_media":5264,"template":"","meta":[],"product_brand":[],"product_cat":[73,193],"product_tag":[1044,116,67],"class_list":{"0":"post-5330","1":"product","2":"type-product","3":"status-publish","4":"has-post-thumbnail","6":"product_cat-magyarorszag-1st","7":"product_cat-szlovakia-1st","8":"product_tag-1st-auction-hu","9":"product_tag-belyeg","10":"product_tag-marcofilatelia","11":"pa_catalog_id-613","13":"first","14":"outofstock","15":"sold-individually","16":"shipping-taxable","17":"product-type-simple"},"_links":{"self":[{"href":"https:\/\/stampcurio.com\/hu\/wp-json\/wp\/v2\/product\/5330","targetHints":{"allow":["GET"]}}],"collection":[{"href":"https:\/\/stampcurio.com\/hu\/wp-json\/wp\/v2\/product"}],"about":[{"href":"https:\/\/stampcurio.com\/hu\/wp-json\/wp\/v2\/types\/product"}],"wp:featuredmedia":[{"embeddable":true,"href":"https:\/\/stampcurio.com\/hu\/wp-json\/wp\/v2\/media\/5264"}],"wp:attachment":[{"href":"https:\/\/stampcurio.com\/hu\/wp-json\/wp\/v2\/media?parent=5330"}],"wp:term":[{"taxonomy":"product_brand","embeddable":true,"href":"https:\/\/stampcurio.com\/hu\/wp-json\/wp\/v2\/product_brand?post=5330"},{"taxonomy":"product_cat","embeddable":true,"href":"https:\/\/stampcurio.com\/hu\/wp-json\/wp\/v2\/product_cat?post=5330"},{"taxonomy":"product_tag","embeddable":true,"href":"https:\/\/stampcurio.com\/hu\/wp-json\/wp\/v2\/product_tag?post=5330"}],"curies":[{"name":"wp","href":"https:\/\/api.w.org\/{rel}","templated":true}]}}