{"id":5322,"date":"2023-11-19T22:10:02","date_gmt":"2023-11-19T21:10:02","guid":{"rendered":"http:\/\/stampcurio.com\/?post_type=product&#038;p=5322"},"modified":"2025-12-05T04:11:44","modified_gmt":"2025-12-05T03:11:44","slug":"1874-szinesszamu-krajcaros-szep-bakar-buccari-belyegzes-gudlin-150-pont","status":"publish","type":"product","link":"https:\/\/stampcurio.com\/hu\/termek\/1874-szinesszamu-krajcaros-szep-bakar-buccari-belyegzes-gudlin-150-pont\/","title":{"rendered":"1874 sz\u00ednessz\u00e1m\u00fa krajc\u00e1ros sz\u00e9p BAKAR-BUCCARI b\u00e9lyegz\u00e9s Gudlin 150 pont"},"content":{"rendered":"","protected":false},"excerpt":{"rendered":"","protected":false},"featured_media":5221,"template":"","meta":[],"product_brand":[],"product_cat":[78,73],"product_tag":[1044,116,67],"class_list":{"0":"post-5322","1":"product","2":"type-product","3":"status-publish","4":"has-post-thumbnail","6":"product_cat-horvatorszag-1st","7":"product_cat-magyarorszag-1st","8":"product_tag-1st-auction-hu","9":"product_tag-belyeg","10":"product_tag-marcofilatelia","11":"pa_catalog_id-609","13":"first","14":"outofstock","15":"sold-individually","16":"shipping-taxable","17":"product-type-simple"},"_links":{"self":[{"href":"https:\/\/stampcurio.com\/hu\/wp-json\/wp\/v2\/product\/5322","targetHints":{"allow":["GET"]}}],"collection":[{"href":"https:\/\/stampcurio.com\/hu\/wp-json\/wp\/v2\/product"}],"about":[{"href":"https:\/\/stampcurio.com\/hu\/wp-json\/wp\/v2\/types\/product"}],"wp:featuredmedia":[{"embeddable":true,"href":"https:\/\/stampcurio.com\/hu\/wp-json\/wp\/v2\/media\/5221"}],"wp:attachment":[{"href":"https:\/\/stampcurio.com\/hu\/wp-json\/wp\/v2\/media?parent=5322"}],"wp:term":[{"taxonomy":"product_brand","embeddable":true,"href":"https:\/\/stampcurio.com\/hu\/wp-json\/wp\/v2\/product_brand?post=5322"},{"taxonomy":"product_cat","embeddable":true,"href":"https:\/\/stampcurio.com\/hu\/wp-json\/wp\/v2\/product_cat?post=5322"},{"taxonomy":"product_tag","embeddable":true,"href":"https:\/\/stampcurio.com\/hu\/wp-json\/wp\/v2\/product_tag?post=5322"}],"curies":[{"name":"wp","href":"https:\/\/api.w.org\/{rel}","templated":true}]}}