{"id":5318,"date":"2023-11-19T22:01:56","date_gmt":"2023-11-19T21:01:56","guid":{"rendered":"http:\/\/stampcurio.com\/?post_type=product&#038;p=5318"},"modified":"2025-12-05T04:11:45","modified_gmt":"2025-12-05T03:11:45","slug":"1888-hirlapilletek-belyeg-par-szep-barcs-telep-postai-belyegzessel","status":"publish","type":"product","link":"https:\/\/stampcurio.com\/hu\/termek\/1888-hirlapilletek-belyeg-par-szep-barcs-telep-postai-belyegzessel\/","title":{"rendered":"1888 h\u00edrlapillet\u00e9k b\u00e9lyeg p\u00e1r sz\u00e9p BARCS-TELEP postai b\u00e9lyegz\u00e9ssel"},"content":{"rendered":"","protected":false},"excerpt":{"rendered":"","protected":false},"featured_media":11665,"template":"","meta":[],"product_brand":[],"product_cat":[73],"product_tag":[1044,116,67,282],"class_list":{"0":"post-5318","1":"product","2":"type-product","3":"status-publish","4":"has-post-thumbnail","6":"product_cat-magyarorszag-1st","7":"product_tag-1st-auction-hu","8":"product_tag-belyeg","9":"product_tag-marcofilatelia","10":"product_tag-okmanybelyeg","11":"pa_catalog_id-607","13":"first","14":"outofstock","15":"sold-individually","16":"shipping-taxable","17":"product-type-simple"},"_links":{"self":[{"href":"https:\/\/stampcurio.com\/hu\/wp-json\/wp\/v2\/product\/5318","targetHints":{"allow":["GET"]}}],"collection":[{"href":"https:\/\/stampcurio.com\/hu\/wp-json\/wp\/v2\/product"}],"about":[{"href":"https:\/\/stampcurio.com\/hu\/wp-json\/wp\/v2\/types\/product"}],"wp:featuredmedia":[{"embeddable":true,"href":"https:\/\/stampcurio.com\/hu\/wp-json\/wp\/v2\/media\/11665"}],"wp:attachment":[{"href":"https:\/\/stampcurio.com\/hu\/wp-json\/wp\/v2\/media?parent=5318"}],"wp:term":[{"taxonomy":"product_brand","embeddable":true,"href":"https:\/\/stampcurio.com\/hu\/wp-json\/wp\/v2\/product_brand?post=5318"},{"taxonomy":"product_cat","embeddable":true,"href":"https:\/\/stampcurio.com\/hu\/wp-json\/wp\/v2\/product_cat?post=5318"},{"taxonomy":"product_tag","embeddable":true,"href":"https:\/\/stampcurio.com\/hu\/wp-json\/wp\/v2\/product_tag?post=5318"}],"curies":[{"name":"wp","href":"https:\/\/api.w.org\/{rel}","templated":true}]}}